{"id":17596,"date":"2022-10-19T17:00:25","date_gmt":"2022-10-19T15:00:25","guid":{"rendered":"https:\/\/misterdzirlo.info\/?page_id=17596"},"modified":"2024-03-18T16:26:22","modified_gmt":"2024-03-18T15:26:22","slug":"pravila-dzirlovanja","status":"publish","type":"page","link":"https:\/\/misterdzirlo.info\/es\/pravila-dzirlovanja\/","title":{"rendered":"Pravila D\u017dIRLOVANJA"},"content":{"rendered":"<div data-elementor-type=\"wp-page\" data-elementor-id=\"17596\" class=\"elementor elementor-17596\" data-elementor-post-type=\"page\">\n\t\t\t\t\t\t<section class=\"elementor-section elementor-top-section elementor-element elementor-element-86aef77 elementor-section-boxed elementor-section-height-default elementor-section-height-default\" data-id=\"86aef77\" data-element_type=\"section\">\n\t\t\t\t\t\t<div class=\"elementor-container elementor-column-gap-default\">\n\t\t\t\t\t<div class=\"elementor-column elementor-col-100 elementor-top-column elementor-element elementor-element-db540b0\" data-id=\"db540b0\" data-element_type=\"column\">\n\t\t\t<div class=\"elementor-widget-wrap elementor-element-populated\">\n\t\t\t\t\t\t<div class=\"elementor-element elementor-element-c045af0 elementor-widget elementor-widget-heading\" data-id=\"c045af0\" data-element_type=\"widget\" data-widget_type=\"heading.default\">\n\t\t\t\t<div class=\"elementor-widget-container\">\n\t\t\t\t\t<h1 class=\"elementor-heading-title elementor-size-default\">PRAVILA NAGRADNOG SISTEMA D\u017dIRLOVANJE<\/h1>\t\t\t\t<\/div>\n\t\t\t\t<\/div>\n\t\t\t\t<section class=\"elementor-section elementor-inner-section elementor-element elementor-element-830abf1 elementor-section-boxed elementor-section-height-default elementor-section-height-default\" data-id=\"830abf1\" data-element_type=\"section\">\n\t\t\t\t\t\t<div class=\"elementor-container elementor-column-gap-default\">\n\t\t\t\t\t<div class=\"elementor-column elementor-col-100 elementor-inner-column elementor-element elementor-element-cdf7d52\" data-id=\"cdf7d52\" data-element_type=\"column\">\n\t\t\t<div class=\"elementor-widget-wrap elementor-element-populated\">\n\t\t\t\t\t\t<div class=\"elementor-element elementor-element-0412b84 elementor-widget elementor-widget-text-editor\" data-id=\"0412b84\" data-element_type=\"widget\" data-widget_type=\"text-editor.default\">\n\t\t\t\t<div class=\"elementor-widget-container\">\n\t\t\t\t\t\t\t\t\t<h2 style=\"text-align: center;\"><strong><u>\u010cLAN 1<\/u><\/strong><\/h2><h5 style=\"text-align: center;\">D\u017dIRLOVANJE je postupak dodjele nagrada, koji je intelektualna svojina holding kompanija Mister D\u017eirla i odobren od nadle\u017enih institucija Europske Unije. Pravila D\u017dIRLOVANJA su identi\u010dna u svim zemljama \u010dlanicama. D\u017eirlovanje je namijenjeno kupcima proizvoda Mister D\u017eirla koji su preuzeli svoje naru\u010dene proizvode.<\/h5><h2 style=\"text-align: center;\"><strong><u>\u010cLAN 2<\/u><\/strong><\/h2><h5 style=\"text-align: center;\">Sistem D\u017dIRLOVANJE je po vrsti nagradna igra u proizvodima koje prodaje holding kompanija Mister D\u017eirla, u nastavku teksta Organizator. Nagradni fond mo\u017ee sadr\u017eavati i druge proizvode, ukoliko tako odredi Organizator. Svrha nagradne igre je promocija kompanije i proizvoda Organizatora.<\/h5><h2 style=\"text-align: center;\"><strong><u>\u010cLAN 3<\/u><\/strong><\/h2><h5 style=\"text-align: center;\">Pravo sudjelovanja u nagradnoj igri imaju sva \u00adpunoljetna fizi\u010dka lica, osim zaposlenih lica kod Organizatora, drugog pravnog subjekta koji u\u010destvuje u organizovanju ove nagradne igre, kao i \u010dlanova u\u017ee porodice ovih lica, roditelja, djece i bra\u010dnih drugova.<\/h5><h2 style=\"text-align: center;\"><strong><u>\u010cLAN 4 \u2013 pravila u\u010de\u0161\u0107a<\/u><\/strong><\/h2><h5 style=\"text-align: center;\">Svako fizi\u010dko lice koje izvr\u0161i kupovinu nekog od proizvoda koje prodaje Organizator u minimalnom iznosu od 5 eura, postaje vlasnik JEDNOG NAGRADNOG kupona, koji se automatski dodjeljuje. Na svakih 5 eura preuzetih proizvoda dodjeljuje se automatski jo\u0161 jedan kupon. ALI, ukoliko kupac kupi npr. 6 kutija \u010daja \u010cANG \u0160LANG, iznos je 33.03 eura. U tom slu\u010daju mu se ne dodjeljuje 6 kupona, nego 7.\u00a0<\/h5><h5 style=\"text-align: center;\"><strong style=\"font-size: 2em;\"><u>\u010cLAN 5<\/u><\/strong><\/h5><h5 style=\"text-align: center;\">KUPONI SE NE MOGU UNOV\u010cAVATI !<\/h5><h5 style=\"text-align: center;\">Svaki kupon:<\/h5><ul style=\"text-align: center;\"><li><h5 style=\"text-align: left;\">Ima ispisan broj i sve podatke o kupcu<\/h5><\/li><li style=\"text-align: left;\"><h5>svi kupni idu u bubanj, a izvla\u010denje se obavlja ru\u010dno<\/h5><\/li><li style=\"text-align: left;\"><h5 class=\"translation-block\">regularnost izvla\u010denja bilje\u017ei se video zapisom koji se snima u <strong><u>JEDNOM KADRU<\/u><\/strong>, kako bi se osigurala regularnost izvla\u010denja i dobitnik nagrade je odmah poznat<\/h5><\/li><li style=\"text-align: left;\"><h5>svi nagradni kuponi koji nisu izvu\u010deni u jednom izvla\u010denju, idu u sljede\u0107i krug<\/h5><\/li><li><h5 style=\"text-align: left;\">svi kuponi su arhivirani i dostupni su kontroli inspekcijskih organa kao i svim drugim pojedincima.<\/h5><\/li><\/ul><h5 style=\"text-align: center;\"><strong style=\"font-size: 2em;\"><u>\u010cLAN 6<\/u><\/strong><\/h5><h5 style=\"text-align: center;\">Organizatori zadr\u017eavaju pravo veri\u00adkacije dobitnika i realizacije nagrada, o \u010demu \u0107e svi u\u010desnici biti blagovremeno i na odgovaraju\u0107i na\u010din obavije\u0161teni. Prilikom preuzimanja nagrade, dobitnik nagrade je du\u017ean prilo\u017eiti na uvid li\u010dnu\/osobnu kartu ili drugi identi\u00adkacioni dokument te potpisati izjavu o prihvatanju nagrade. Svi u\u010desnici saglasni su s pravilima nagradne igre. U\u010desnici svojim u\u010de\u0161\u0107em u nagradnoj igri neopozivo prihva\u0107aju da je Organizator bez ikakve naknade ovla\u0161ten bez vremenskih i teritorijalnih ograni\u010denja koristiti u reklamne svrhe njihovu fotografi\u00adju, ime i prezime, adresu i ostale podatke vezane uz u\u010desnika.<\/h5><h2 style=\"text-align: center;\"><strong><u>\u010cLAN 7<\/u><\/strong><\/h2><h5 style=\"text-align: center;\">Maloljetnim licima nije dozvoljeno u\u010de\u0161\u0107e u nagradnom sistemu D\u017dIRLOVANJE.<\/h5><h2 style=\"text-align: center;\"><strong><u>\u010cLAN 8<\/u><\/strong><\/h2><h5 style=\"text-align: center;\">Organizator postupa u skladu sa Zakonom o za\u0161titi li\u010dnih podataka te li\u010dne podatke u\u010desnika nagradne igre koristi isklju\u010divo radi ispunjenja svojih obaveza iz Pravila nagradne igre i u druge svrhe ih ne\u0107e koristiti.<\/h5><h2 style=\"text-align: center;\"><strong><u>\u010cLAN 9<\/u><\/strong><\/h2><h5 style=\"text-align: center;\">Nosilac \u017erijebanja je poduze\u0107e MISTER DZIRLO S.R.O; IC: 25713451; CHARKOVSKA 327\/7, PRAHA VRSOVICE (PRAHA 10) 101 OO \u010cE\u0160KA REPUBLIKA.<\/h5><h4 style=\"text-align: right;\"><strong><em>INTERNACIONALNI HOLDING KOMPANIJA MISTER D\u017dIRLA<\/em><\/strong><\/h4>\t\t\t\t\t\t\t\t<\/div>\n\t\t\t\t<\/div>\n\t\t\t\t\t<\/div>\n\t\t<\/div>\n\t\t\t\t\t<\/div>\n\t\t<\/section>\n\t\t\t\t\t<\/div>\n\t\t<\/div>\n\t\t\t\t\t<\/div>\n\t\t<\/section>\n\t\t\t\t<section class=\"elementor-section elementor-top-section elementor-element elementor-element-196495c elementor-section-boxed elementor-section-height-default elementor-section-height-default\" data-id=\"196495c\" data-element_type=\"section\">\n\t\t\t\t\t\t<div class=\"elementor-container elementor-column-gap-default\">\n\t\t\t\t\t<div class=\"elementor-column elementor-col-100 elementor-top-column elementor-element elementor-element-254b7fa\" data-id=\"254b7fa\" data-element_type=\"column\">\n\t\t\t<div class=\"elementor-widget-wrap elementor-element-populated\">\n\t\t\t\t\t\t<div class=\"elementor-element elementor-element-1d92c5a elementor-align-center elementor-widget elementor-widget-button\" data-id=\"1d92c5a\" data-element_type=\"widget\" data-widget_type=\"button.default\">\n\t\t\t\t<div class=\"elementor-widget-container\">\n\t\t\t\t\t\t\t\t\t<div class=\"elementor-button-wrapper\">\n\t\t\t\t\t<a class=\"elementor-button elementor-button-link elementor-size-md elementor-animation-push\" href=\"https:\/\/misterdzirlo.info\/es\/dzirlovanje\/\">\n\t\t\t\t\t\t<span class=\"elementor-button-content-wrapper\">\n\t\t\t\t\t\t\t\t\t<span class=\"elementor-button-text\">VRATI SE NA D\u017dIRLOVANJE<\/span>\n\t\t\t\t\t<\/span>\n\t\t\t\t\t<\/a>\n\t\t\t\t<\/div>\n\t\t\t\t\t\t\t\t<\/div>\n\t\t\t\t<\/div>\n\t\t\t\t\t<\/div>\n\t\t<\/div>\n\t\t\t\t\t<\/div>\n\t\t<\/section>\n\t\t\t\t<section class=\"elementor-section elementor-top-section elementor-element elementor-element-c8cd848 elementor-section-full_width elementor-section-stretched elementor-section-height-default elementor-section-height-default\" data-id=\"c8cd848\" data-element_type=\"section\" data-settings=\"{&quot;stretch_section&quot;:&quot;section-stretched&quot;,&quot;background_background&quot;:&quot;classic&quot;}\">\n\t\t\t\t\t\t<div class=\"elementor-container elementor-column-gap-default\">\n\t\t\t\t\t<div class=\"elementor-column elementor-col-100 elementor-top-column elementor-element elementor-element-8aeffaf\" data-id=\"8aeffaf\" data-element_type=\"column\">\n\t\t\t<div class=\"elementor-widget-wrap elementor-element-populated\">\n\t\t\t\t\t\t<div class=\"elementor-element elementor-element-20e924c elementor-widget elementor-widget-heading\" data-id=\"20e924c\" data-element_type=\"widget\" data-widget_type=\"heading.default\">\n\t\t\t\t<div class=\"elementor-widget-container\">\n\t\t\t\t\t<h1 class=\"elementor-heading-title elementor-size-default\">COMPARTIR CON TUS AMIGOS<\/h1>\t\t\t\t<\/div>\n\t\t\t\t<\/div>\n\t\t\t\t<div class=\"elementor-element elementor-element-cc29e6c elementor-share-buttons--align-center elementor-share-buttons--view-icon-text elementor-share-buttons--skin-gradient elementor-share-buttons--shape-square elementor-grid-0 elementor-share-buttons--color-official elementor-widget elementor-widget-share-buttons\" data-id=\"cc29e6c\" data-element_type=\"widget\" data-widget_type=\"share-buttons.default\">\n\t\t\t\t<div class=\"elementor-widget-container\">\n\t\t\t\t\t\t\t<div class=\"elementor-grid\" role=\"list\">\n\t\t\t\t\t\t\t\t<div class=\"elementor-grid-item\" role=\"listitem\">\n\t\t\t\t\t\t<div class=\"elementor-share-btn elementor-share-btn_facebook\" role=\"button\" tabindex=\"0\" aria-label=\"Share on facebook\" data-no-translation-aria-label=\"\">\n\t\t\t\t\t\t\t\t\t\t\t\t\t\t\t<span class=\"elementor-share-btn__icon\">\n\t\t\t\t\t\t\t\t<i class=\"fab fa-facebook\" aria-hidden=\"true\"><\/i>\t\t\t\t\t\t\t<\/span>\n\t\t\t\t\t\t\t\t\t\t\t\t\t\t\t\t\t\t\t\t\t\t<div class=\"elementor-share-btn__text\">\n\t\t\t\t\t\t\t\t\t\t\t\t\t\t\t\t\t\t\t<span class=\"elementor-share-btn__title\">\n\t\t\t\t\t\t\t\t\t\tFacebook\t\t\t\t\t\t\t\t\t<\/span>\n\t\t\t\t\t\t\t\t\t\t\t\t\t\t\t\t\t<\/div>\n\t\t\t\t\t\t\t\t\t\t\t\t\t<\/div>\n\t\t\t\t\t<\/div>\n\t\t\t\t\t\t\t\t\t<div class=\"elementor-grid-item\" role=\"listitem\">\n\t\t\t\t\t\t<div class=\"elementor-share-btn elementor-share-btn_twitter\" role=\"button\" tabindex=\"0\" aria-label=\"Share on twitter\" data-no-translation-aria-label=\"\">\n\t\t\t\t\t\t\t\t\t\t\t\t\t\t\t<span class=\"elementor-share-btn__icon\">\n\t\t\t\t\t\t\t\t<i class=\"fab fa-twitter\" aria-hidden=\"true\"><\/i>\t\t\t\t\t\t\t<\/span>\n\t\t\t\t\t\t\t\t\t\t\t\t\t\t\t\t\t\t\t\t\t\t<div class=\"elementor-share-btn__text\">\n\t\t\t\t\t\t\t\t\t\t\t\t\t\t\t\t\t\t\t<span class=\"elementor-share-btn__title\">\n\t\t\t\t\t\t\t\t\t\tTwitter\t\t\t\t\t\t\t\t\t<\/span>\n\t\t\t\t\t\t\t\t\t\t\t\t\t\t\t\t\t<\/div>\n\t\t\t\t\t\t\t\t\t\t\t\t\t<\/div>\n\t\t\t\t\t<\/div>\n\t\t\t\t\t\t\t\t\t<div class=\"elementor-grid-item\" role=\"listitem\">\n\t\t\t\t\t\t<div class=\"elementor-share-btn elementor-share-btn_linkedin\" role=\"button\" tabindex=\"0\" aria-label=\"Share on linkedin\" data-no-translation-aria-label=\"\">\n\t\t\t\t\t\t\t\t\t\t\t\t\t\t\t<span class=\"elementor-share-btn__icon\">\n\t\t\t\t\t\t\t\t<i class=\"fab fa-linkedin\" aria-hidden=\"true\"><\/i>\t\t\t\t\t\t\t<\/span>\n\t\t\t\t\t\t\t\t\t\t\t\t\t\t\t\t\t\t\t\t\t\t<div class=\"elementor-share-btn__text\">\n\t\t\t\t\t\t\t\t\t\t\t\t\t\t\t\t\t\t\t<span class=\"elementor-share-btn__title\">\n\t\t\t\t\t\t\t\t\t\tLinkedIn\t\t\t\t\t\t\t\t\t<\/span>\n\t\t\t\t\t\t\t\t\t\t\t\t\t\t\t\t\t<\/div>\n\t\t\t\t\t\t\t\t\t\t\t\t\t<\/div>\n\t\t\t\t\t<\/div>\n\t\t\t\t\t\t\t\t\t<div class=\"elementor-grid-item\" role=\"listitem\">\n\t\t\t\t\t\t<div class=\"elementor-share-btn elementor-share-btn_whatsapp\" role=\"button\" tabindex=\"0\" aria-label=\"Share on whatsapp\" data-no-translation-aria-label=\"\">\n\t\t\t\t\t\t\t\t\t\t\t\t\t\t\t<span class=\"elementor-share-btn__icon\">\n\t\t\t\t\t\t\t\t<i class=\"fab fa-whatsapp\" aria-hidden=\"true\"><\/i>\t\t\t\t\t\t\t<\/span>\n\t\t\t\t\t\t\t\t\t\t\t\t\t\t\t\t\t\t\t\t\t\t<div class=\"elementor-share-btn__text\">\n\t\t\t\t\t\t\t\t\t\t\t\t\t\t\t\t\t\t\t<span class=\"elementor-share-btn__title\">\n\t\t\t\t\t\t\t\t\t\tWhatsApp\t\t\t\t\t\t\t\t\t<\/span>\n\t\t\t\t\t\t\t\t\t\t\t\t\t\t\t\t\t<\/div>\n\t\t\t\t\t\t\t\t\t\t\t\t\t<\/div>\n\t\t\t\t\t<\/div>\n\t\t\t\t\t\t\t\t\t<div class=\"elementor-grid-item\" role=\"listitem\">\n\t\t\t\t\t\t<div class=\"elementor-share-btn elementor-share-btn_email\" role=\"button\" tabindex=\"0\" aria-label=\"Share on email\" data-no-translation-aria-label=\"\">\n\t\t\t\t\t\t\t\t\t\t\t\t\t\t\t<span class=\"elementor-share-btn__icon\">\n\t\t\t\t\t\t\t\t<i class=\"fas fa-envelope\" aria-hidden=\"true\"><\/i>\t\t\t\t\t\t\t<\/span>\n\t\t\t\t\t\t\t\t\t\t\t\t\t\t\t\t\t\t\t\t\t\t<div class=\"elementor-share-btn__text\">\n\t\t\t\t\t\t\t\t\t\t\t\t\t\t\t\t\t\t\t<span class=\"elementor-share-btn__title\">\n\t\t\t\t\t\t\t\t\t\tEmail\t\t\t\t\t\t\t\t\t<\/span>\n\t\t\t\t\t\t\t\t\t\t\t\t\t\t\t\t\t<\/div>\n\t\t\t\t\t\t\t\t\t\t\t\t\t<\/div>\n\t\t\t\t\t<\/div>\n\t\t\t\t\t\t<\/div>\n\t\t\t\t\t\t<\/div>\n\t\t\t\t<\/div>\n\t\t\t\t\t<\/div>\n\t\t<\/div>\n\t\t\t\t\t<\/div>\n\t\t<\/section>\n\t\t\t\t<\/div>","protected":false},"excerpt":{"rendered":"<p>PRAVILA NAGRADNOG SISTEMA D\u017dIRLOVANJE \u010cLAN 1 D\u017dIRLOVANJE je postupak dodjele nagrada, koji je intelektualna svojina holding kompanija Mister D\u017eirla i odobren od nadle\u017enih institucija Europske Unije. Pravila D\u017dIRLOVANJA su identi\u010dna u svim zemljama \u010dlanicama. D\u017eirlovanje je namijenjeno kupcima proizvoda Mister D\u017eirla koji su preuzeli svoje naru\u010dene proizvode. \u010cLAN 2 Sistem D\u017dIRLOVANJE je po vrsti nagradna [&hellip;]<\/p>\n","protected":false},"author":1,"featured_media":0,"parent":0,"menu_order":0,"comment_status":"closed","ping_status":"closed","template":"template-homepage.php","meta":{"inline_featured_image":false,"_monsterinsights_skip_tracking":false,"_monsterinsights_sitenote_active":false,"_monsterinsights_sitenote_note":"","_monsterinsights_sitenote_category":0,"footnotes":""},"class_list":["post-17596","page","type-page","status-publish","hentry"],"aioseo_notices":[],"_links":{"self":[{"href":"https:\/\/misterdzirlo.info\/es\/wp-json\/wp\/v2\/pages\/17596","targetHints":{"allow":["GET"]}}],"collection":[{"href":"https:\/\/misterdzirlo.info\/es\/wp-json\/wp\/v2\/pages"}],"about":[{"href":"https:\/\/misterdzirlo.info\/es\/wp-json\/wp\/v2\/types\/page"}],"author":[{"embeddable":true,"href":"https:\/\/misterdzirlo.info\/es\/wp-json\/wp\/v2\/users\/1"}],"replies":[{"embeddable":true,"href":"https:\/\/misterdzirlo.info\/es\/wp-json\/wp\/v2\/comments?post=17596"}],"version-history":[{"count":0,"href":"https:\/\/misterdzirlo.info\/es\/wp-json\/wp\/v2\/pages\/17596\/revisions"}],"wp:attachment":[{"href":"https:\/\/misterdzirlo.info\/es\/wp-json\/wp\/v2\/media?parent=17596"}],"curies":[{"name":"wp","href":"https:\/\/api.w.org\/{rel}","templated":true}]}}