{"id":17642,"date":"2022-10-19T17:54:39","date_gmt":"2022-10-19T15:54:39","guid":{"rendered":"https:\/\/misterdzirlo.info\/?page_id=17642"},"modified":"2023-03-01T14:19:29","modified_gmt":"2023-03-01T13:19:29","slug":"ponuda-o-poslovnoj-saradnji","status":"publish","type":"page","link":"https:\/\/misterdzirlo.info\/hu\/ponuda-o-poslovnoj-saradnji\/","title":{"rendered":"Aj\u00e1nlat az \u00fczleti egy\u00fcttm\u0171k\u00f6d\u00e9sre"},"content":{"rendered":"<div data-elementor-type=\"wp-page\" data-elementor-id=\"17642\" class=\"elementor elementor-17642\" data-elementor-post-type=\"page\">\n\t\t\t\t\t\t<section class=\"elementor-section elementor-top-section elementor-element elementor-element-6bcdb6d elementor-section-full_width elementor-section-height-default elementor-section-height-default\" data-id=\"6bcdb6d\" data-element_type=\"section\">\n\t\t\t\t\t\t<div class=\"elementor-container elementor-column-gap-default\">\n\t\t\t\t\t<div class=\"elementor-column elementor-col-100 elementor-top-column elementor-element elementor-element-4ead6f9\" data-id=\"4ead6f9\" data-element_type=\"column\">\n\t\t\t<div class=\"elementor-widget-wrap elementor-element-populated\">\n\t\t\t\t\t\t<div class=\"elementor-element elementor-element-d6bfed1 elementor-widget elementor-widget-heading\" data-id=\"d6bfed1\" data-element_type=\"widget\" data-widget_type=\"heading.default\">\n\t\t\t\t<div class=\"elementor-widget-container\">\n\t\t\t\t\t<h1 class=\"elementor-heading-title elementor-size-default\">AJ\u00c1NLAT \u00dcZLETI EGY\u00dcTTM\u0170K\u00d6D\u00c9SRE<\/h1>\t\t\t\t<\/div>\n\t\t\t\t<\/div>\n\t\t\t\t<div class=\"elementor-element elementor-element-8552b43 elementor-widget elementor-widget-heading\" data-id=\"8552b43\" data-element_type=\"widget\" data-widget_type=\"heading.default\">\n\t\t\t\t<div class=\"elementor-widget-container\">\n\t\t\t\t\t<h3 class=\"elementor-heading-title elementor-size-default\">- JOBBAN MEG\u00c9RTENI EGYM\u00c1ST -<\/h3>\t\t\t\t<\/div>\n\t\t\t\t<\/div>\n\t\t\t\t<div class=\"elementor-element elementor-element-b78c1a9 elementor-widget elementor-widget-text-editor\" data-id=\"b78c1a9\" data-element_type=\"widget\" data-widget_type=\"text-editor.default\">\n\t\t\t\t<div class=\"elementor-widget-container\">\n\t\t\t\t\t\t\t\t\t<h5><b>Ez az \u00e9rt\u00e9kes\u00edt\u00e9si rendszer a DZIRLA \u00far szellemi tulajdonak\u00e9nt v\u00e9dett, teljes vagy r\u00e9szleges m\u00e1sol\u00e1sa b\u00fcntetend\u0151!<\/b><\/h5><h5 class=\"translation-block\">A MISTER D\u017dIRLO PROMO ELECTRIC CAR projekt (tov\u00e1bbiakban PROMOTER) megval\u00f3s\u00edt\u00e1s\u00e1nak megkezd\u00e9sekor meghat\u00e1roztuk a projekt feladatait:<br><br>1) Az aj\u00e1nlat meghat\u00e1rozott piaci ter\u00fclete a teljes vil\u00e1gpiac;<br>2) Az egyes MISTER D\u017dIRLO PROMO ELEKTROMOS J\u00c1RM\u0170EK elad\u00e1si \u00e1r\u00e1nak a legalacsonyabbnak kell lennie a meghat\u00e1rozott piaci ter\u00fcleten;<br>3) A garanci\u00e1nak \u00e9s a min\u0151s\u00e9gnek meg kell haladnia a versenyt\u00e1rsakat;<br>4) Szolg\u00e1ltat\u00e1sok (amelyek gyakorlatilag feleslegesek) rendelkez\u00e9sre kell \u00e1llnia \u00e9s j\u00f3 min\u0151s\u00e9g\u0171nek kell lennie azon a ter\u00fcleten, ahol ezeket a j\u00e1rm\u0171veket haszn\u00e1lj\u00e1k. Ez vonatkozik a p\u00f3talkatr\u00e9szekre is.<\/h5><h5 class=\"translation-block\">Ezen projektfeladatok teljes\u00edt\u00e9s\u00e9hez bizonyos felt\u00e9teleket teljes\u00edteni kellett. Ezek a k\u00f6vetkez\u0151k:<br>1) \u00dczleti partnerek h\u00e1l\u00f3zat\u00e1nak kialak\u00edt\u00e1sa, akik a megrendelt mennyis\u00e9gben \u00e9s a megadott hat\u00e1rid\u0151n bel\u00fcl megfelel\u0151 min\u0151s\u00e9g\u0171 term\u00e9keket tudnak el\u0151\u00e1ll\u00edtani;<br>2) A felaj\u00e1nlott MISTER DZIRLO PROMO \u00e1r\u00e1nak \u00e9rdek\u00e9ben Az ELEKTROMOS J\u00c1RM\u0170EK ahhoz, hogy a legversenyk\u00e9pesebb (legalacsonyabb) legyen, a minim\u00e1lis mennyis\u00e9gnek 1 000 000 (milli\u00f3) darabnak kellett lennie, \u00f6sszesen az \u00f6sszes k\u00edn\u00e1lt modellre. Ezeket a modelleket t\u00f6bb kontingensben gy\u00e1rtj\u00e1k \u00e9s sz\u00e1ll\u00edtj\u00e1k;<br>3) Ez a mennyis\u00e9g t\u00f6bbek k\u00f6z\u00f6tt lehet\u0151v\u00e9 tette a legalacsonyabb \u00e1rat, hiszen MISTER DZIRLA \u00fczleti filoz\u00f3fi\u00e1ja szerint az elektromos j\u00e1rm\u0171 nem luxus! \u00c9telk\u00e9nt sz\u00fcks\u00e9ges! A legfrissebb angliai kutat\u00e1s szerint az elektromos j\u00e1rm\u0171vek elad\u00e1sa visszaesett, \u00e9s ezek 47%-a a magas \u00e1rak miatt van! Ezekkel a vil\u00e1gpiaci \u00e1rakkal az el. A j\u00e1rm\u0171vek NYERES\u00c9GTELENEK (l\u00e1sd: Mr. Ishak Dzirlo, univ. dipl. ec. AZ AMORTIZ\u00c1CI\u00d3 MINT A KITERJESZTETT SZAKOROD\u00c1S T\u00c9NYEZ\u0150JE, 1977. febru\u00e1ri kiad\u00e1s).<br>4) A bankrendszer csak a p\u00e9nz\u00e1tutal\u00e1sok sz\u00fcks\u00e9ges csatorn\u00e1ja lehet (\u00e1raml\u00e1si kaz\u00e1n). ), nem az INTERNATIONAL HOLDING COMPANY MISTER DZIRLA projektj\u00e9nek finansz\u00edroz\u00f3ja, amely hossz\u00fa t\u00f6rt\u00e9nete sor\u00e1n SOHA nem vett ig\u00e9nybe hitelt!<\/h5><h5 class=\"translation-block\">A bankt\u0151ke kies\u00e9se \u00f3ta az eredm\u00e9ny ak\u00e1r 37,4%-kal ALACSONYABB \u00c1R, mert az AJ\u00c1NLAT nem kell bankt\u0151ke \u00e1r\u00e1t fizetni! Mi\u00e9rt?<br>H\u00e1rom oka van: 1. Nincs egyetlen bank sem, amely ilyen mennyis\u00e9g\u0171 \u00e9s m\u00e9ret\u0171 projektet hitelezhetne, ez\u00e9rt t\u00f6bb bankra van sz\u00fcks\u00e9g!<br>2. A bankgaranci\u00e1k olyan nagyok, hogy teljesen vesztes\u00e9ges (az 5:1 ar\u00e1ny\u00fa jelz\u00e1loghitel r\u00e9gi elcs\u00e9pelt t\u00f6rt\u00e9nete);<br>3. A kamat \u00e9s a k\u00e9szlet gyakorlatilag felem\u00e9szti a nyeres\u00e9get<\/h5><h5 class=\"translation-block\">Teh\u00e1t ki finansz\u00edrozza a MISTER DZIRLO PROMO ELECTRIC CAR projekt megval\u00f3s\u00edt\u00e1s\u00e1t?<br><br>Nos, az \u00fcgyf\u00e9l nagyon boldog. Mi\u00e9rt?<br><br>Nos, a folyamat rendk\u00edv\u00fcl \u00e1tl\u00e1that\u00f3, hiszen DZIRLA \u00daR \u00fczleti filoz\u00f3fi\u00e1j\u00e1t alkalmazva AZ AJ\u00c1NL\u00d3 lehet\u0151v\u00e9 teszi!<br>Nincs semmi rejtett, minden el\u00e9rhet\u0151 a v\u00e1s\u00e1rl\u00f3k \u00e9s \u00e9rdekl\u0151d\u0151k (p\u00e1ly\u00e1z\u00f3k) sz\u00e1m\u00e1ra )!<\/h5><h5>Az AJ\u00c1NLAT \u00e9s \u00d6n, mint potenci\u00e1lis \u00fcgyf\u00e9l k\u00f6z\u00f6tti kommunik\u00e1ci\u00f3 szab\u00e1lyai a kit\u0171z\u00f6tt projektfeladatokb\u00f3l fakadnak.<\/h5><h5 class=\"translation-block\">Teh\u00e1t a MISTER DZIRLA \u00fczleti filoz\u00f3fi\u00e1ja nagyon egyszer\u0171: jobb a legalacsonyabb term\u00e9kek \u00e9s szolg\u00e1ltat\u00e1sok \u00e1rat k\u00edn\u00e1lni, \u00e9s a piaci r\u00e9szesed\u00e9s \u00e1lland\u00f3 \u00e9s meg\u00e1ll\u00edthatatlan n\u00f6veked\u00e9se (elad\u00e1si n\u00f6veked\u00e9s), mint rakt\u00e1ron tartani a term\u00e9keket. Emiatt a MISTER DZIRLO PROMO ELEKTROMOS J\u00c1RM\u0170VEKET csak <b>ISMERTETT V\u00c1S\u00c1RL\u00d3 sz\u00e1m\u00e1ra gy\u00e1rtj\u00e1k (el\u0151re eladva)<\/b>!<\/h5><h5 class=\"translation-block\">\u00c9ppen ez\u00e9rt nagy \u00f6r\u00f6mmel mondhatjuk: HA HASONL\u00d3 TELJES\u00cdTM\u00c9NY\u0170 ELEKTROMOS J\u00c1RM\u0170T TAL\u00c1L, DE AZ EG\u00c9SZ VIL\u00c1GON ALACSONYABB \u00c1RON - AZ \u00c1RK\u00dcL\u00d6NBS\u00c9GET VISSZA t\u00e9r\u00edtj\u00fck! M\u00e9g senki nem v\u00e1laszolt - m\u00e9g mindig v\u00e1runk!<br>Teh\u00e1t a k\u00e9plet a k\u00f6vetkez\u0151:<br>1) NAGY SOROZAT;<br>2) BANKT\u0150KE KISZ\u00dcNTET\u00c9S;<br>3) K\u00c9SZLET KISZ\u00dcNTET\u00c9S<\/h5><h5 style=\"text-align: center;\" class=\"translation-block\"><u><b>K\u00d6VETKEZM\u00c9NY?<\/b><\/u><u><b><br><\/b><\/u><u><b>LEGALACSONYABB \u00c1R = LEGMAGASABB IG\u00c9NY<\/b><\/u><\/h5><h5 class=\"translation-block\">Bizony\u00edt\u00e9k: az els\u0151 4000 j\u00e1rm\u0171b\u0151l \u00e1ll\u00f3 kontingens majdnem megtelt jelentkez\u00e9ssel.<br><b>( Megjegyz\u00e9s: a m\u00e1sodik kontingensn\u00e9l meghat\u00e1rozott felt\u00e9telekkel hirdetj\u00fck meg a jelentkez\u00e9sek fogad\u00e1s\u00e1nak kezdet\u00e9t)<\/b><\/h5><h5 class=\"translation-block\">D\u00f6ntse el \u00d6n, hogy ez az \u00fczleti filoz\u00f3fia okos-e! <br>Ez a MISTER DZIRLO \u00fczleti filoz\u00f3fi\u00e1ja: MISTER DZIRLO mindig K\u00dcLDET\u00c9S\u00c9NEK AZ \u00dcGYF\u00c9L \u00c9RDEK\u00c9NEK V\u00c9D\u00c9SE! Az \u00fcgyf\u00e9l elvesz\u00edti banki kamatait a MISTER DZIRLO ELEKTROMOS J\u00c1RM\u0170 v\u00e1s\u00e1rl\u00e1sa alatt! ELEKTROMOS G\u00c9PJ\u00c1RM\u0170 V\u00c1S\u00c1RL\u00c1SA ALATT - TE SP\u00d3ROL!!!<br>Semmit sem vesz\u00edt az az \u00e9rdekl\u0151d\u0151 k\u00f6r, aki a JELENTKEZ\u0150K (\u00c9RDEKL\u0150) kateg\u00f3ri\u00e1b\u00f3l v\u00e1s\u00e1rl\u00f3i st\u00e1tuszt kapott (fizetett vagy elkezdte fizetni az \u00d6NHITEL r\u00e9szlet\u00e9t) abban az id\u0151szakban, am\u00edg fizet\u0151s modellj\u00fck kisz\u00e1ll\u00edt\u00e1s\u00e1ra v\u00e1rnak!<\/h5><h5>Mi\u00e9rt? Az \u00e1ltaluk a j\u00e1rm\u0171\u00e9rt befizetett p\u00e9nz megtakar\u00edt\u00e1ssal azonos st\u00e1tusz\u00fa, \u00e9s ezalatt az AJ\u00c1NLAT banki kamatot sz\u00e1mol, amit a j\u00e1rm\u0171 \u00e1tad\u00e1sakor kedvezm\u00e9nyes sz\u00e1ml\u00e1kon fizet ki nekik!<\/h5><h5 class=\"translation-block\">Ez a v\u00e1s\u00e1rl\u00f3i kiv\u00e1lts\u00e1g el\u0151sz\u00f6r \u00e9rv\u00e9nyes a vil\u00e1gon! Mister Dzirlo feszegeti az \u00fczlet hat\u00e1rait, mert ezzel az \u00fcgyf\u00e9l \u00fczleti partnerr\u00e9 v\u00e1lik! Teh\u00e1t ez egy teljesen \u00faj, forradalmi VEV\u0150-ELAD\u00d3 kapcsolat. Mit mondott a k\u00f6lt\u0151: ...amennyire eml\u00e9kszem a r\u00e9gm\u00falt id\u0151kb\u0151l, egy vir\u00e1g n\u0151 a hegyen. Az a vir\u00e1g mindenhol virul, \u00e9s \u00fagy h\u00edvj\u00e1k... FORGAT\u00c1S! Mi\u00e9rt a fordulat? Jobb, ha befektet egy \u00fcgyf\u00e9lbe, mert ez az \u00fcgyf\u00e9l h\u00e1rom \u00faj \u00fcgyfelet hoz! Rendben van!?<br>Megjegyz\u00e9s: a k\u00f6lt\u0151kt\u0151l sz\u00e1rmaz\u00f3 id\u00e9zetek nemes SZ\u00c1RAZ AJ\u00c1NLAT! Hiszen a TESLA nem lenne TESLA, ha nem lenne a GETEO!<br>Ez azokra az \u00fcgyfelekre is vonatkozik, akik \u00f6nfinansz\u00edroz\u00e1s mellett d\u00f6nt\u00f6ttek!<br>Teh\u00e1t am\u00edg r\u00e9szletfizet\u00e9st fizet \u2013 SP\u00d3ROL!<\/h5><h5 class=\"translation-block\">MISTER DZIRLA \u00fczleti filoz\u00f3fi\u00e1ja nem az, hogy pomp\u00e1s \u00e9p\u00fcletekkel, m\u00e1rv\u00e1nyoszlopokkal, aranyozott pultokkal ny\u0171g\u00f6zze le a v\u00e1s\u00e1rl\u00f3kat... K\u00fcls\u0151 csillog\u00e1s, de ez nem jelenti azt, hogy ilyenekre ne vonatkozna a szab\u00e1ly: JADAKON K\u00cdV\u00dcL, BEL\u00dcL SIMA! Sok ilyen c\u00e9get \u00fcdv\u00f6z\u00f6lt\u00fcnk, \u00e9s m\u00e9g gyorsabban el is v\u00e1gtunk!<br>Mi vagyunk azok, akik \u00fczleti ideol\u00f3gi\u00e1nkkal minden norm\u00e1lis embert t\u00e1maszk\u00e9nt \u00e9s sz\u00f6vets\u00e9gesk\u00e9nt kapunk a projekt megval\u00f3s\u00edt\u00e1s\u00e1ban! Mi\u00e9rt!?<br>Azok az id\u0151k elm\u00faltak, amikor vizu\u00e1lis effektusokkal ny\u0171g\u00f6zt\u00e9k le az \u00fcgyfeleket, most a sikeres \u00fczleti ideol\u00f3gi\u00e1k ideje! A teleport\u00e1lt inform\u00e1ci\u00f3k az internetnek k\u00f6sz\u00f6nhet\u0151en mindent megv\u00e1ltoztatnak - \u00faj szab\u00e1lyok j\u00f6nnek l\u00e9tre, mert ugyanakkor MINDENKI TUD!<\/h5><h5 class=\"translation-block\">Nos, itt vagyunk az 1. helyen a vil\u00e1gon! Ez\u00e9rt folyamatosan n\u00f6vekszik a MISTER DZIRLO bolyg\u00f3csal\u00e1dunk (a vil\u00e1g leggyorsabban n\u00f6vekv\u0151 csal\u00e1dja)!<br><br>NEM VAGYUNK EGY CSOPORT - MI VAGYUNK EGY CSAL\u00c1D - \u00dcgyfel\u00fcnk nem az a szem\u00e9ly, aki p\u00e9nzt ad a v\u00e1s\u00e1rl\u00e1sra valamit az aj\u00e1nlatb\u00f3l, \u0151 olyan szem\u00e9ly, aki \u00e1lland\u00f3 \u00fczlett\u00e1rsunk \u00e9s csal\u00e1dtagunk, mert ugyanazt az \u00fczleti ideol\u00f3gi\u00e1t vallja!<\/h5><p>\u00a0<\/p><h4 style=\"text-align: center;\"><span style=\"text-decoration: underline;\"><b><i>V\u00c1S\u00c1RL\u00c1SI ELJ\u00c1R\u00c1S MISTER DZIRLO PROMO ELEKTROMOS AUT\u00d3<\/i><\/b><\/span><\/h4><h5 class=\"translation-block\">A Mister Dzirlo prom\u00f3ci\u00f3s elektromos aut\u00f3val kapcsolatos inform\u00e1ci\u00f3k minden \u00e9rdekl\u0151d\u0151j\u00e9t k\u00e9t csoportra osztj\u00e1k: A) REGISZTR\u00c1LT (\u00c9rdekl\u0151d\u0151); az \u00e9tkez\u00e9sr\u0151l, ami \u00f6nk\u00f6lts\u00e9ges lesz).<br><br>A K\u00c9REL\u0150 \u00e9s mindazok, akik az AJ\u00c1NLATOT k\u00e9rt\u00e9k \u00e9s kapt\u00e1k, tanulm\u00e1nyozt\u00e1k. kiv\u00e1lasztotta a term\u00e9ket \u00e9s al\u00e1\u00edrta a sz\u00e1ll\u00edt\u00e1si szerz\u0151d\u00e9st A jelentkez\u00e9s elfogad\u00e1sra ker\u00fcl, ez azt jelenti, hogy az \u00e1ltala v\u00e1lasztott modellt bevonj\u00e1k a gy\u00e1rt\u00e1si folyamatba, a sz\u00e1ll\u00edt\u00e1st a kontingensben garant\u00e1lj\u00e1k \u00e9s a sz\u00e1ll\u00edt\u00e1si hat\u00e1rid\u0151t megadj\u00e1k, majd az AJ\u00c1NLAT hozz\u00e1j\u00e1rul a P\u00c1LY\u00c1ZAT fizet\u00e9s. A fizet\u00e9si meghatalmaz\u00e1s a j\u00f3v\u00e1hagy\u00e1st\u00f3l sz\u00e1m\u00edtott 3 napig \u00e9rv\u00e9nyes. Ezen hat\u00e1rid\u0151 elh\u00faz\u00f3d\u00e1sa eset\u00e9n az AJ\u00c1NLAT a fizet\u00e9si jogot a k\u00f6vetkez\u0151 BET\u00c9Tre ruh\u00e1zza \u00e1t.<br><br>Az elj\u00e1r\u00e1s k\u00f6vet\u00e9s\u00e9vel elker\u00fclhet\u0151k az esetleges f\u00e9lre\u00e9rt\u00e9sek. Igaz, hogy els\u0151 r\u00e1n\u00e9z\u00e9sre kicsit bonyolultak a proced\u00far\u00e1k, de ahogy Dzirlo \u00far mondta... siker\u00fcl az \u00fczlet, akinek az elej\u00e9n sok gondja volt, mert ez garant\u00e1lta, hogy a v\u00e9g\u00e9n nem lesz semmi, nem ford\u00edtva!<\/h5><h4 style=\"text-align: center;\"><b><i>A T\u00c1MOGAT\u00c1SHOZ VAL\u00d3 JOG GYAKORL\u00c1SA<\/i><\/b><\/h4><h5>A MISTER DZIRLO NEMZETK\u00d6ZI HOLDING T\u00c1MOGAT\u00c1SI JOGOT \u00c1RUH\u00c1Z A VEV\u0150 jav\u00e1ra.<\/h5><h5>A t\u00e1mogat\u00e1si jogokat az EU-ban minden jogi \u00e9s term\u00e9szetes szem\u00e9ly gyakorolja. Teh\u00e1t, ha \u00d6n EU-tagorsz\u00e1g v\u00e1s\u00e1rl\u00f3ja, akkor a t\u00e1mogat\u00e1si \u00e9rt\u00e9k 100%-\u00e1nak megfelel\u0151 \u00f6sszeg\u0171 t\u00e1mogat\u00e1sra jogosult, mert az AJ\u00c1NLAT EZEKET A JOGOKAT \u00c1RUH\u00c1ZJA A VEV\u0150NEK.<br \/><br \/>Bosznia-Hercegovin\u00e1ban m\u00e1s a helyzet:<br \/><br \/>Ha \u00d6n regisztr\u00e1lva van az RS-entit\u00e1sban, nem gyakorolja jogait, mert az entit\u00e1s korm\u00e1nya nem biztos\u00edtja azokat.<br \/>Ha \u00d6n a Sz\u00f6vets\u00e9gben regisztr\u00e1lt, akkor term\u00e9szetes szem\u00e9ly eset\u00e9n 100%-os t\u00e1mogat\u00e1sra jogosult, mert az AJ\u00c1NLAT EZEKET A JOGOKAT \u00c1RUH\u00c1ZJA A VEV\u0150NEK.<\/h5><h4 style=\"text-align: center;\"><b><i>ELEKTROMOS J\u00c1RM\u0170VEK SZ\u00c1LL\u00cdT\u00c1SA A V\u00c1S\u00c1RL\u00d3 K\u00cdV\u00c1N\u00c1SA SZERINT<\/i><\/b><\/h4><h5><br \/>Sok \u00c9RDEKL\u0150D\u0150 szeretne egy \u00e1ltala v\u00e1lasztott elektromos j\u00e1rm\u0171vet! Nagyobb hat\u00f3t\u00e1vols\u00e1g\u00fa, nagyobb sebess\u00e9g\u0171 j\u00e1rm\u0171vet szeretn\u00e9nek, stb.. Sok \u00e9rdekl\u0151d\u0151 k\u00fcldj\u00f6n fot\u00f3t, vide\u00f3t! Minden j\u00e1rm\u0171vet a vil\u00e1g legkedvez\u0151bb felt\u00e9telei k\u00f6z\u00f6tt tudunk sz\u00e1ll\u00edtani!<br \/>HA MINK\u00c9N\u00c9L KEDVEZ\u0150BB, ALACSONYABB AJ\u00c1NLATOT KAP AZONNAL A J\u00c1RM\u0170RE, AZ \u00c1RK\u00dcL\u00d6NBS\u00c9GET VISSZA t\u00e9r\u00edtj\u00fck!!!!<\/h5><h4 style=\"text-align: center;\"><b><i>MIT TARTALMAZ A G\u00c9PJ\u00c1RM\u0170 ELAD\u00c1S\u00c1RA<\/i><\/b><\/h4><h5 class=\"translation-block\"><br>Sok k\u00e9rd\u00e9s\u00fcnk van azzal kapcsolatban, hogy mit tartalmaz a j\u00e1rm\u0171 \u00e1ra? A j\u00e1rm\u0171 elad\u00e1si \u00e1ra tartalmazza:<br><br>1) A j\u00e1rm\u0171 gy\u00e1rt\u00e1si \u00e1r\u00e1t;<br>2) Sz\u00e1ll\u00edt\u00e1si k\u00f6lts\u00e9geket;<br>3) V\u00e1mk\u00f6lts\u00e9geket, ha vannak;<br>4) \u00c1FA-t, \u00c1FA-t, DDH, AFA.... (ezek hozz\u00e1adott \u00e9rt\u00e9k ad\u00f3k, a sz\u00e1zal\u00e9kok \u00e9s a megnevez\u00e9sek orsz\u00e1gonk\u00e9nt elt\u00e9r\u0151ek);<br>5) A homologiz\u00e1ci\u00f3 k\u00f6lts\u00e9gei;<br>6) A sz\u00e1ll\u00edtm\u00e1nyoz\u00e1si szolg\u00e1ltat\u00e1sok k\u00f6lts\u00e9gei:<br>7) Az els\u0151 szolg\u00e1ltat\u00e1s k\u00f6lts\u00e9gei.<\/h5><h4 style=\"text-align: center;\"><b><i>GARANCIA<\/i><\/b><\/h4><h5><br \/>A MISTER DZIRLO PROMO ELEKTROMOS J\u00c1RM\u0170EKRE 3 \u00e9v \u00e9s 100.000 funkcion\u00e1lis kilom\u00e9ter a garancia!<\/h5><h4 style=\"text-align: center;\"><br \/><b><i>SZOLG\u00c1LTAT\u00c1SOK<\/i><\/b><\/h4><h5 class=\"translation-block\"><br>G\u00e9pj\u00e1rm\u0171v\u00fcnk minden v\u00e1s\u00e1rl\u00f3ja a j\u00e1rm\u0171 \u00e1tv\u00e9telekor egy f\u00fczet tulajdonos\u00e1v\u00e1 v\u00e1lik, amelyben fel van t\u00fcntetve az \u00f6sszes enged\u00e9lyezett szerviz, valamint a t\u00f6lt\u0151\u00e1llom\u00e1sok helyek list\u00e1ja!<br><br><span><em> <b>Megjegyz\u00e9s<\/b>:<\/em><\/span> Ez az aj\u00e1nlat az els\u0151 kontingensre \u00e9rv\u00e9nyes. Ha az aj\u00e1nlatot a k\u00e9zhezv\u00e9telt\u0151l sz\u00e1m\u00edtott 10 napon bel\u00fcl nem fogadj\u00e1k el, annak \u00e9rv\u00e9nyess\u00e9ge megsz\u0171nik, mert az aj\u00e1nlat c\u00edmzettje feladja a v\u00e1s\u00e1rl\u00e1st \u00e9s \u00e1tadja hely\u00e9t a v\u00e1r\u00f3list\u00e1r\u00f3l k\u00f6vetkez\u0151 \u00c9RDEKL\u0150D\u0150NEK. Erre az\u00e9rt van sz\u00fcks\u00e9g, mert az \u00e9rt\u00e9kes\u00edt\u00e9si rendszer alapja az ISMERT V\u00c1S\u00c1RL\u00d3 r\u00e9sz\u00e9re t\u00f6rt\u00e9n\u0151 g\u00e9pj\u00e1rm\u0171gy\u00e1rt\u00e1s.<\/h5><h4 style=\"text-align: center;\"><b><i>K\u00dcL\u00d6NLEGES J\u00c1RM\u0170VEK<\/i><\/b><\/h4><h5 class=\"translation-block\"><br>Az \u00d6N k\u00e9r\u00e9s\u00e9re speci\u00e1lis elektromos j\u00e1rm\u0171veket is sz\u00e1ll\u00edtunk mozg\u00e1ss\u00e9r\u00fcltek sz\u00e1m\u00e1ra, eg\u00e9szs\u00e9g\u00fcgyi k\u00f6zpontokba, post\u00e1kba, sz\u00e1ll\u00edt\u00f3j\u00e1rm\u0171veket stb.<br>\u00c1ltal\u00e1ban a legkedvez\u0151bb felt\u00e9telekkel v\u00e1s\u00e1roljuk meg a j\u00e1rm\u0171veket, r\u00e9gi szab\u00e1lyunkon t\u00fal: TE LEGYEN JOBB AJ\u00c1NLAT (ami nem hamis) AZ \u00c1RK\u00dcL\u00d6NBS\u00c9GET VISSZA t\u00e9r\u00edtj\u00fck!<\/h5><h4 style=\"text-align: center;\"><br \/><br \/><b><i>\u00d6NHITELEZ\u00c9S<\/i><\/b><\/h4><h5 class=\"translation-block\"><br>Amennyiben r\u00e9szletfizet\u00e9ssel szeretne j\u00e1rm\u0171vet sz\u00e1ll\u00edtani, lehet\u0151s\u00e9g\u00fcnk van \u00d6NHITEL felaj\u00e1nl\u00e1s\u00e1ra!<br>Az elv egyszer\u0171:<br>1) \u00d6n hat\u00e1rozza meg a r\u00e9szletek \u00f6sszeg\u00e9t \u00e9s sz\u00e1m\u00e1t;<br>2) Az utols\u00f3 r\u00e9szlet befizet\u00e9se ut\u00e1n sz\u00e1ll\u00edtjuk a k\u00e9rt j\u00e1rm\u0171vet ;<br>3) Minden befizetett r\u00e9szletre banki kamatot fizet\u00fcnk, melynek \u00e9rt\u00e9k\u00e9t levonjuk a sz\u00e1mla \u00e9rt\u00e9k\u00e9b\u0151l.<br>Mindenkinek Ha \u00e9rdekl\u0151dik az ilyen t\u00edpus\u00fa j\u00e1rm\u0171v\u00e1s\u00e1rl\u00e1s ir\u00e1nt, k\u00e9r\u00e9s\u00fckre \u00d6NHITELr\u0151l sz\u00f3l\u00f3 szerz\u0151d\u00e9st k\u00fcld\u00fcnk.<br>(Ez az \u00e9rt\u00e9kes\u00edt\u00e9si rendszer szellemi tulajdon v\u00e9delem alatt \u00e1ll, DZIRLA \u00far, \u00e9s annak eg\u00e9szben vagy r\u00e9szben t\u00f6rt\u00e9n\u0151 m\u00e1sol\u00e1sa b\u00fcntetend\u0151.<\/h5><p>\u00a0<\/p><h4 style=\"text-align: center;\">K\u00d6VETKEZTET\u00c9S<\/h4><h5 style=\"text-align: left;\"><br \/><br \/>\u00daTVONAL (K\u00d6LCS\u00d6Z\u00c9SEK SORODA) A K\u00d6ZBESZERZ\u00c9SRE<\/h5><h5 class=\"translation-block\">MISTER DZIRLO PROMO ELEKTROMOS AUT\u00d3:<br><br>1) AJ\u00c1NLATK\u00c9R\u00c9S K\u00dcLD\u00c9SE (aj\u00e1nlatk\u00e9r\u00e9s, valamint levelez\u00e9s csak a <strong><span style=\"text-decoration:\"><a href=\"mailto:infodzirlo@gmail.com\" target=\"_self\">infodzirlo@gmail.com<\/a><\/span><\/strong><br>2) TANULM\u00c1NYOZJA KI AZ AJ\u00c1NLATOT \u00c9S K\u00c9RDEZZE A F\u00c9RHET\u0170S\u00c9GEK LEHETS\u00c9GES MAGYAR\u00c1ZATA<br> 3) SZERZ\u0150D\u00c9S K\u00d6T\u00c9SE<br>4) A FIZET\u00c9S J\u00d3V\u00c1HAGY\u00c1SA UT\u00c1N T\u00d6RT\u00c9N\u0150 FIZET\u00c9S<br>5) K\u00d6VESSE A G\u00c9PJ\u00c1RM\u0170 GY\u00c1RT\u00c1S\u00c1NAK \u00c9S SZ\u00c1LL\u00cdT\u00c1S\u00c1NAK F\u00c1ZIS\u00c1IT<br>6) AZ \u00c9RT\u00c9KEL\u00c9SRE AZ AJ\u00c1NLAT<br>7) A J\u00c1RM\u0170 FELV\u00c9TELE A MEG\u00c1LLAPODOTT \u00daTIC\u00c9LON<\/h5>\t\t\t\t\t\t\t\t<\/div>\n\t\t\t\t<\/div>\n\t\t\t\t\t<\/div>\n\t\t<\/div>\n\t\t\t\t\t<\/div>\n\t\t<\/section>\n\t\t\t\t<\/div>","protected":false},"excerpt":{"rendered":"<p>PONUDA O POSLOVNOJ SURADNJI &#8211; DA BI SE BOLJE RAZUMJELI &#8211; Ovaj sistem prodaje je za\u0161ti\u0107en kao intelektualna svojina Mister DZIRLA i svako njegovo kopiranje u cjelini ili dijelovima je ka\u017enjivo ! Kada smo krenuli u realizaciju projekta MISTER D\u017dIRLO PROMO ELECTRIC CAR (u daljnjem tekstu PONU\u0110A\u010c) definirali smo projektne zadatke: 1) Definirani tr\u017ei\u0161ni prostor [&hellip;]<\/p>\n","protected":false},"author":1,"featured_media":0,"parent":0,"menu_order":0,"comment_status":"closed","ping_status":"closed","template":"template-homepage.php","meta":{"inline_featured_image":false,"_monsterinsights_skip_tracking":false,"_monsterinsights_sitenote_active":false,"_monsterinsights_sitenote_note":"","_monsterinsights_sitenote_category":0,"footnotes":""},"class_list":["post-17642","page","type-page","status-publish","hentry"],"aioseo_notices":[],"_links":{"self":[{"href":"https:\/\/misterdzirlo.info\/hu\/wp-json\/wp\/v2\/pages\/17642","targetHints":{"allow":["GET"]}}],"collection":[{"href":"https:\/\/misterdzirlo.info\/hu\/wp-json\/wp\/v2\/pages"}],"about":[{"href":"https:\/\/misterdzirlo.info\/hu\/wp-json\/wp\/v2\/types\/page"}],"author":[{"embeddable":true,"href":"https:\/\/misterdzirlo.info\/hu\/wp-json\/wp\/v2\/users\/1"}],"replies":[{"embeddable":true,"href":"https:\/\/misterdzirlo.info\/hu\/wp-json\/wp\/v2\/comments?post=17642"}],"version-history":[{"count":0,"href":"https:\/\/misterdzirlo.info\/hu\/wp-json\/wp\/v2\/pages\/17642\/revisions"}],"wp:attachment":[{"href":"https:\/\/misterdzirlo.info\/hu\/wp-json\/wp\/v2\/media?parent=17642"}],"curies":[{"name":"wp","href":"https:\/\/api.w.org\/{rel}","templated":true}]}}