{"id":20268,"date":"2022-12-20T10:54:01","date_gmt":"2022-12-20T09:54:01","guid":{"rendered":"https:\/\/misterdzirlo.info\/?page_id=20268"},"modified":"2022-12-20T11:48:54","modified_gmt":"2022-12-20T10:48:54","slug":"iskustva-korisnika-promo-electric-car","status":"publish","type":"page","link":"https:\/\/misterdzirlo.info\/mk\/iskustva-korisnika-promo-electric-car\/","title":{"rendered":"\u0418\u0441\u043a\u0443\u0441\u0442\u0432\u0430 \u043d\u0430 \u043a\u043e\u0440\u0438\u0441\u043d\u0438\u0446\u0438 \u043d\u0430 \u043f\u0440\u043e\u043c\u043e \u0435\u043b\u0435\u043a\u0442\u0440\u0438\u0447\u043d\u0438 \u0430\u0432\u0442\u043e\u043c\u043e\u0431\u0438\u043b\u0438"},"content":{"rendered":"<div data-elementor-type=\"wp-page\" data-elementor-id=\"20268\" class=\"elementor elementor-20268\" data-elementor-post-type=\"page\">\n\t\t\t\t\t\t<section class=\"elementor-section elementor-top-section elementor-element elementor-element-0888e1c elementor-section-boxed elementor-section-height-default elementor-section-height-default\" data-id=\"0888e1c\" data-element_type=\"section\">\n\t\t\t\t\t\t<div class=\"elementor-container elementor-column-gap-default\">\n\t\t\t\t\t<div class=\"elementor-column elementor-col-100 elementor-top-column elementor-element elementor-element-784e069\" data-id=\"784e069\" data-element_type=\"column\">\n\t\t\t<div class=\"elementor-widget-wrap elementor-element-populated\">\n\t\t\t\t\t\t<div class=\"elementor-element elementor-element-4b17d56 elementor-widget elementor-widget-heading\" data-id=\"4b17d56\" data-element_type=\"widget\" data-widget_type=\"heading.default\">\n\t\t\t\t<div class=\"elementor-widget-container\">\n\t\t\t\t\t<h2 class=\"elementor-heading-title elementor-size-default\">\u041f\u0420\u041e\u041c\u041e \u0415\u041b\u0415\u041a\u0422\u0420\u0418\u0427\u041d\u0418 \u0418\u0421\u041a\u0423\u0421\u0422\u0412\u0410 \u041d\u0410 \u041a\u041e\u0420\u0418\u0421\u041d\u0418\u0427\u041a\u0418 \u0410\u0412\u0422\u041e\u041c\u041e\u0411\u0418\u041b<\/h2>\t\t\t\t<\/div>\n\t\t\t\t<\/div>\n\t\t\t\t<div class=\"elementor-element elementor-element-81f40b7 elementor-widget elementor-widget-text-editor\" data-id=\"81f40b7\" data-element_type=\"widget\" data-widget_type=\"text-editor.default\">\n\t\t\t\t<div class=\"elementor-widget-container\">\n\t\t\t\t\t\t\t\t\t<p>\u0418\u0441\u043a\u0443\u0441\u0442\u0432\u0430\u0442\u0430 \u043d\u0430 \u043a\u043e\u0440\u0438\u0441\u043d\u0438\u0446\u0438\u0442\u0435 \u043d\u0430 \u043f\u0440\u043e\u0438\u0437\u0432\u043e\u0434\u0438\u0442\u0435 \u043d\u0430 Mister Dzirlo \u043d\u0438 \u0441\u0435 \u0438\u0441\u043a\u043b\u0443\u0447\u0438\u0442\u0435\u043b\u043d\u043e \u0432\u0430\u0436\u043d\u0438. \u041f\u0440\u043e\u0432\u0435\u0440\u0435\u0442\u0435 \u0433\u0438 \u043d\u0438\u0432\u043d\u0438\u0442\u0435 \u043f\u0440\u0438\u043a\u0430\u0437\u043d\u0438.<\/p>\t\t\t\t\t\t\t\t<\/div>\n\t\t\t\t<\/div>\n\t\t\t\t\t<\/div>\n\t\t<\/div>\n\t\t\t\t\t<\/div>\n\t\t<\/section>\n\t\t\t\t<section class=\"elementor-section elementor-top-section elementor-element elementor-element-74f01b96 elementor-section-content-middle elementor-section-boxed elementor-section-height-default elementor-section-height-default\" data-id=\"74f01b96\" data-element_type=\"section\">\n\t\t\t\t\t\t<div class=\"elementor-container elementor-column-gap-no\">\n\t\t\t\t\t<div class=\"elementor-column elementor-col-100 elementor-top-column elementor-element elementor-element-d102b50\" data-id=\"d102b50\" data-element_type=\"column\">\n\t\t\t<div class=\"elementor-widget-wrap elementor-element-populated\">\n\t\t\t\t\t\t<div class=\"elementor-element elementor-element-530d1e65 elementor-widget elementor-widget-heading\" data-id=\"530d1e65\" data-element_type=\"widget\" data-widget_type=\"heading.default\">\n\t\t\t\t<div class=\"elementor-widget-container\">\n\t\t\t\t\t<h4 class=\"elementor-heading-title elementor-size-default\">\u0421\u0430\u0440\u0430\u0458\u043a\u043e \u0425\u0440\u0430\u043f\u043e\u0432\u0438\u045c \u0421\u0430\u0440\u0430<\/h4>\t\t\t\t<\/div>\n\t\t\t\t<\/div>\n\t\t\t\t<div class=\"elementor-element elementor-element-7f136835 elementor-widget elementor-widget-text-editor\" data-id=\"7f136835\" data-element_type=\"widget\" data-widget_type=\"text-editor.default\">\n\t\t\t\t<div class=\"elementor-widget-container\">\n\t\t\t\t\t\t\t\t\t<p>\u041d\u0430\u0458\u043f\u043e\u0447\u0438\u0442\u0443\u0432\u0430\u043d \u0431\u0438\u0437\u043d\u0438\u0441\u043c\u0435\u043d \u0432\u043e \u0443\u0433\u043e\u0441\u0442\u0438\u0442\u0435\u043b\u0441\u0442\u0432\u043e\u0442\u043e \u043d\u0430 \u0433\u0440\u0430\u0434\u043e\u0442 \u0421\u0430\u0440\u0430\u0435\u0432\u043e \u0441\u043e \u0432\u0440\u0435\u043c\u0435\u0442\u0440\u0430\u0435\u045a\u0435 \u043e\u0434 46 \u0433\u043e\u0434\u0438\u043d\u0438<\/p>\t\t\t\t\t\t\t\t<\/div>\n\t\t\t\t<\/div>\n\t\t\t\t<div class=\"elementor-element elementor-element-5b8c79e elementor-widget elementor-widget-video\" data-id=\"5b8c79e\" data-element_type=\"widget\" data-settings=\"{&quot;youtube_url&quot;:&quot;https:\\\/\\\/www.youtube.com\\\/watch?v=v-fLXW9PibU&quot;,&quot;video_type&quot;:&quot;youtube&quot;,&quot;controls&quot;:&quot;yes&quot;}\" data-widget_type=\"video.default\">\n\t\t\t\t<div class=\"elementor-widget-container\">\n\t\t\t\t\t\t\t<div class=\"elementor-wrapper elementor-open-inline\">\n\t\t\t<div class=\"elementor-video\"><\/div>\t\t<\/div>\n\t\t\t\t\t\t<\/div>\n\t\t\t\t<\/div>\n\t\t\t\t\t<\/div>\n\t\t<\/div>\n\t\t\t\t\t<\/div>\n\t\t<\/section>\n\t\t\t\t<\/div>","protected":false},"excerpt":{"rendered":"<p>ISKUSTVA KORISNIKA PROMO ELECTRIC CAR Iskustva korisnika Mister Dzirlo proizvoda su od izuzetnog zna\u010daja za nas. Pogledajte njihove pri\u010de. Sarajko Hrapovi\u0107 Sara Najpo\u0161tovaniji biznismen u ugostiteljstvu grada Sarajeva sa trajanjem 46 godina<\/p>","protected":false},"author":1,"featured_media":0,"parent":0,"menu_order":0,"comment_status":"closed","ping_status":"closed","template":"template-homepage.php","meta":{"inline_featured_image":false,"_monsterinsights_skip_tracking":false,"_monsterinsights_sitenote_active":false,"_monsterinsights_sitenote_note":"","_monsterinsights_sitenote_category":0,"footnotes":""},"class_list":["post-20268","page","type-page","status-publish","hentry"],"aioseo_notices":[],"_links":{"self":[{"href":"https:\/\/misterdzirlo.info\/mk\/wp-json\/wp\/v2\/pages\/20268","targetHints":{"allow":["GET"]}}],"collection":[{"href":"https:\/\/misterdzirlo.info\/mk\/wp-json\/wp\/v2\/pages"}],"about":[{"href":"https:\/\/misterdzirlo.info\/mk\/wp-json\/wp\/v2\/types\/page"}],"author":[{"embeddable":true,"href":"https:\/\/misterdzirlo.info\/mk\/wp-json\/wp\/v2\/users\/1"}],"replies":[{"embeddable":true,"href":"https:\/\/misterdzirlo.info\/mk\/wp-json\/wp\/v2\/comments?post=20268"}],"version-history":[{"count":0,"href":"https:\/\/misterdzirlo.info\/mk\/wp-json\/wp\/v2\/pages\/20268\/revisions"}],"wp:attachment":[{"href":"https:\/\/misterdzirlo.info\/mk\/wp-json\/wp\/v2\/media?parent=20268"}],"curies":[{"name":"wp","href":"https:\/\/api.w.org\/{rel}","templated":true}]}}