{"id":17642,"date":"2022-10-19T17:54:39","date_gmt":"2022-10-19T15:54:39","guid":{"rendered":"https:\/\/misterdzirlo.info\/?page_id=17642"},"modified":"2023-03-01T14:19:29","modified_gmt":"2023-03-01T13:19:29","slug":"ponuda-o-poslovnoj-saradnji","status":"publish","type":"page","link":"https:\/\/misterdzirlo.info\/pl\/ponuda-o-poslovnoj-saradnji\/","title":{"rendered":"Oferta wsp\u00f3\u0142pracy biznesowej"},"content":{"rendered":"<div data-elementor-type=\"wp-page\" data-elementor-id=\"17642\" class=\"elementor elementor-17642\" data-elementor-post-type=\"page\">\n\t\t\t\t\t\t<section class=\"elementor-section elementor-top-section elementor-element elementor-element-6bcdb6d elementor-section-full_width elementor-section-height-default elementor-section-height-default\" data-id=\"6bcdb6d\" data-element_type=\"section\">\n\t\t\t\t\t\t<div class=\"elementor-container elementor-column-gap-default\">\n\t\t\t\t\t<div class=\"elementor-column elementor-col-100 elementor-top-column elementor-element elementor-element-4ead6f9\" data-id=\"4ead6f9\" data-element_type=\"column\">\n\t\t\t<div class=\"elementor-widget-wrap elementor-element-populated\">\n\t\t\t\t\t\t<div class=\"elementor-element elementor-element-d6bfed1 elementor-widget elementor-widget-heading\" data-id=\"d6bfed1\" data-element_type=\"widget\" data-widget_type=\"heading.default\">\n\t\t\t\t<div class=\"elementor-widget-container\">\n\t\t\t\t\t<h1 class=\"elementor-heading-title elementor-size-default\">OFERTA WSP\u00d3\u0141PRACY BIZNESOWEJ<\/h1>\t\t\t\t<\/div>\n\t\t\t\t<\/div>\n\t\t\t\t<div class=\"elementor-element elementor-element-8552b43 elementor-widget elementor-widget-heading\" data-id=\"8552b43\" data-element_type=\"widget\" data-widget_type=\"heading.default\">\n\t\t\t\t<div class=\"elementor-widget-container\">\n\t\t\t\t\t<h3 class=\"elementor-heading-title elementor-size-default\">- ABY LEPIEJ WZAJEMNIE ZROZUMIE\u0106 -<\/h3>\t\t\t\t<\/div>\n\t\t\t\t<\/div>\n\t\t\t\t<div class=\"elementor-element elementor-element-b78c1a9 elementor-widget elementor-widget-text-editor\" data-id=\"b78c1a9\" data-element_type=\"widget\" data-widget_type=\"text-editor.default\">\n\t\t\t\t<div class=\"elementor-widget-container\">\n\t\t\t\t\t\t\t\t\t<h5><b>Ten system sprzeda\u017cy jest chroniony jako w\u0142asno\u015b\u0107 intelektualna Mister DZIRLA i wszelkie jego kopiowanie w ca\u0142o\u015bci lub w cz\u0119\u015bci jest karalne!<\/b><\/h5><h5 class=\"translation-block\">Rozpoczynaj\u0105c realizacj\u0119 projektu MISTER D\u017dIRLO PROMO ELECTRIC CAR (dalej PROMOTOR) zdefiniowali\u015bmy zadania projektowe:<br><br>1) Zdefiniowany obszar rynkowy oferty to ca\u0142y rynek \u015bwiatowy;<br>2) Cena sprzeda\u017cy ka\u017cdego POJAZDU ELEKTRYCZNEGO PROMOCJI MISTER D\u017dIRLO musi by\u0107 najni\u017csza na okre\u015blonym obszarze rynkowym;<br>3) Gwarancja i jako\u015b\u0107 musz\u0105 przewy\u017csza\u0107 konkurencj\u0119;<br>4) Us\u0142ugi (kt\u00f3re s\u0105 praktycznie niepotrzebne) musz\u0105 by\u0107 dost\u0119pne i wysokiej jako\u015bci na ca\u0142ym obszarze, na kt\u00f3rym s\u0105 u\u017cytkownikami tych pojazd\u00f3w. Dotyczy to r\u00f3wnie\u017c cz\u0119\u015bci zamiennych.<\/h5><h5 class=\"translation-block\">Aby zrealizowa\u0107 te zadania projektowe, musieli\u015bmy spe\u0142ni\u0107 okre\u015blone warunki. S\u0105 to:<br>1) Tworzenie sieci partner\u00f3w biznesowych, kt\u00f3rzy s\u0105 w stanie wyprodukowa\u0107 zam\u00f3wione ilo\u015bci produkt\u00f3w o wymaganej jako\u015bci iw okre\u015blonych terminach;<br>2) Aby cena oferowanego MISTER DZIRLO PROMOCYJNE POJAZDY ELEKTRYCZNE, aby by\u0142y najbardziej konkurencyjne (najni\u017csze), minimalna ilo\u015b\u0107 musia\u0142a wynie\u015b\u0107 1 000 000 (milion\u00f3w) sztuk \u0142\u0105cznie dla wszystkich oferowanych modeli. Modele te s\u0105 produkowane i dostarczane w kilku kontyngentach;<br>3) Taka ilo\u015b\u0107 umo\u017cliwi\u0142a mi\u0119dzy innymi uzyskanie najni\u017cszej ceny, poniewa\u017c zgodnie z biznesow\u0105 filozofi\u0105 MISTERA DZIRLI pojazd elektryczny nie jest luksusem! Jest niezb\u0119dny jako pokarm! Najnowsze badania w Anglii pokazuj\u0105 spadek sprzeda\u017cy pojazd\u00f3w elektrycznych, z czego 47% to wina wysokich cen! Przy tych cenach na rynku \u015bwiatowym czasowa i funkcjonalna amortyzacja el. pojazdy s\u0105 NIEOP\u0141ACALNE (patrz ksi\u0105\u017cka Mr Ishak Dzirlo, univ. dipl. ec. AMORTYZACJA JAKO CZYNNIK ROZSZERZONEJ REPRODUKCJI, wydanie LUTY 1977).<br>4) System bankowy musi by\u0107 jedynie niezb\u0119dnym kana\u0142em transferu pieni\u0119dzy (kocio\u0142 przep\u0142ywowy ), a nie finansuj\u0105cy projekt INTERNATIONAL HOLDING COMPANY MISTER DZIRLA, kt\u00f3ry NIGDY w swojej d\u0142ugiej historii nie korzysta\u0142 z kredytu!<\/h5><h5 class=\"translation-block\">Poniewa\u017c kapita\u0142 bankowy zosta\u0142 wyeliminowany, wynikiem jest nawet 37,4% NI\u017bSZA CENA, poniewa\u017c OFERTA nie musi p\u0142aci\u0107 ceny kapita\u0142u bankowego! Dlaczego?<br>S\u0105 3 powody: 1. Nie ma jednego banku, kt\u00f3ry m\u00f3g\u0142by sfinansowa\u0107 projekt o takiej wielko\u015bci i zakresie, wi\u0119c potrzeba wi\u0119cej bank\u00f3w!<br>2. Gwarancje bankowe s\u0105 tak du\u017ce, \u017ce jest to ca\u0142kowicie nieop\u0142acalne (stara oklepana historia kredytu hipotecznego w stosunku 5:1);<br>3. Odsetki i zapasy praktycznie poch\u0142aniaj\u0105 zyski<\/h5><h5 class=\"translation-block\">Kto wi\u0119c finansuje realizacj\u0119 projektu MISTER DZIRLO PROMO SAMOCH\u00d3D ELEKTRYCZNY?<br><br>Ot\u00f3\u017c klient jest bardzo zadowolony. Dlaczego?<br><br>C\u00f3\u017c, proces jest niezwykle przejrzysty, poniewa\u017c stosuj\u0105c filozofi\u0119 biznesow\u0105 MISTRZA DZIRLI, OFERENT to umo\u017cliwia!<br>Nie ma nic ukrytego, wszystko jest dost\u0119pne dla klient\u00f3w i zainteresowanych (aplikuj\u0105cych) )!<\/h5><h5>Zasady komunikacji OFERTY z Tob\u0105 jako potencjalnym klientem wynikaj\u0105 z postawionych zada\u0144 projektowych.<\/h5><h5 class=\"translation-block\">Filozofia biznesowa MISTER DZIRLA jest wi\u0119c bardzo prosta: lepiej oferowa\u0107 najni\u017csze ceny produkt\u00f3w i us\u0142ug oraz mie\u0107 sta\u0142y i niepowstrzymany wzrost udzia\u0142u w rynku (wzrost sprzeda\u017cy), ni\u017c trzyma\u0107 produkty w magazynie. Z tego powodu POJAZDY ELEKTRYCZNE MISTER DZIRLO PROMO produkowane s\u0105 tylko dla <b>ZNANEGO KUPUJ\u0104CEGO (sprzedawane z g\u00f3ry)!<\/b><\/h5><h5 class=\"translation-block\">Dlatego z wielk\u0105 przyjemno\u015bci\u0105 mo\u017cemy powiedzie\u0107: JE\u015aLI ZNAJDZIESZ NA CA\u0141YM \u015aWIECIE SAMOCH\u00d3D ELEKTRYCZNY O PODOBNYCH OSI\u0104GACH I NI\u017bSZEJ CENIE - ZWR\u00d3CIMY R\u00d3\u017bNIC\u0118 W CENIE! Nikt jeszcze nie odpowiedzia\u0142 - wci\u0105\u017c czekamy!<br>Wi\u0119c formu\u0142a jest nast\u0119puj\u0105ca:<br>1) DU\u017bE SERIE;<br>2) LIKWIDACJA KAPITA\u0141U BANKOWEGO;<br>3) LIKWIDACJA ZAPAS\u00d3W<\/h5><h5 style=\"text-align: center;\" class=\"translation-block\"><u><b>KONSEKWENCJE?<\/b><\/u><u><b><br><\/b><\/u><u><b>NAJNI\u017bSZA CENA = NAJWY\u017bSZY POPYT<\/b><\/u><\/h5><h5 class=\"translation-block\">Dow\u00f3d: pierwszy kontyngent 4000 pojazd\u00f3w jest prawie wype\u0142niony zg\u0142oszeniami.<br><b>(Uwaga: dla drugiego kontyngentu og\u0142osimy rozpocz\u0119cie przyjmowania zg\u0142osze\u0144 z okre\u015blonymi warunkami)!<\/b><\/h5><h5 class=\"translation-block\">Sami oce\u0144cie, czy taka filozofia biznesu jest m\u0105dra! <br>Taka jest filozofia biznesowa MISTER DZIRLO: MISTER DZIRLO zawsze ma MISJ\u0118 OCHRONY INTERES\u00d3W KLIENT\u00d3W! Klient traci odsetki bankowe w czasie zakupu POJAZDU ELEKTRYCZNEGO MISTER DZIRLO! KUPUJ\u0104C SAMOCH\u00d3D ELEKTRYCZNY - OSZCZ\u0118DZASZ!!!<br>Ta grupa zainteresowanych, kt\u00f3ra z kategorii WNIOSKODAWCY (ZAINTERESOWANI) otrzyma\u0142a status kupuj\u0105cego (dokona\u0142a wp\u0142aty lub zacz\u0119\u0142a sp\u0142aca\u0107 raty SAMOPO\u017bYCZKI, nic nie traci w okresie oczekiwania na dostaw\u0119 p\u0142atnego modelu !<\/h5><h5>Dlaczego? Pieni\u0105dze, kt\u00f3re zap\u0142acili za pojazd, maj\u0105 taki sam status jak oszcz\u0119dno\u015bci, aw tym czasie OFERTA nalicza odsetki bankowe, kt\u00f3re p\u0142aci im poprzez obni\u017cone faktury za pojazd przy jego dostawie!<\/h5><h5 class=\"translation-block\">Ten przywilej klienta jest obecny po raz pierwszy na \u015bwiecie! Pan Dzir\u0142o przesuwa granice biznesu, bo dzi\u0119ki temu klient zamienia si\u0119 w partnera biznesowego! Jest to wi\u0119c zupe\u0142nie nowa rewolucyjna relacja KUPUJ\u0104CY - SPRZEDAJ\u0104CY. Co powiedzia\u0142 poeta: ...o ile pami\u0119tam z dawnych czas\u00f3w, jeden kwiat ro\u015bnie w g\u00f3rach. Ten kwiat kwitnie wsz\u0119dzie i nazywa si\u0119... ODWR\u00d3CENIE! Dlaczego zwrot akcji? Lepiej zainwestowa\u0107 w klienta, poniewa\u017c ten klient przynosi trzech nowych klient\u00f3w! Czy to ok!?<br>Uwaga: cytaty z poet\u00f3w s\u0105 szlachetne. SUCHA OFERTA! W ko\u0144cu TESLA nie by\u0142aby TESLA gdyby nie GETEO!<br>Dotyczy to r\u00f3wnie\u017c tych klient\u00f3w, kt\u00f3rzy zdecydowali si\u0119 na samofinansowanie!<br>Wi\u0119c p\u0142ac\u0105c raty - OSZCZ\u0118DZASZ!<\/h5><h5 class=\"translation-block\">Filozofia biznesowa MISTER DZIRLA nie polega na fascynowaniu klient\u00f3w wspania\u0142ymi budynkami, marmurowymi kolumnami, z\u0142oconymi ladami... To zewn\u0119trzny blask, ale to nie znaczy, \u017ce zasada nie obowi\u0105zuje takich: NA ZEWN\u0104TRZ JADAC, A WEWN\u0104TRZ G\u0141ADKO! Przywitali\u015bmy wiele takich firm i jeszcze szybciej je odgonili\u015bmy!<br>To my swoj\u0105 ideologi\u0105 biznesow\u0105 pozyskujemy ka\u017cdego normalnego cz\u0142owieka jako wsparcie i sprzymierze\u0144ca w realizacji projektu! Dlaczego!?<br>Min\u0119\u0142y czasy imponowania klientowi efektami wizualnymi, teraz jest czas udanych ideologii biznesowych! Teleportowane informacje, dzi\u0119ki Internetowi, zmieniaj\u0105 wszystko \u2013 ustalane s\u0105 nowe zasady, bo jednocze\u015bnie KA\u017bDY WIE WSZYSTKO!<\/h5><h5 class=\"translation-block\">C\u00f3\u017c, tutaj jeste\u015bmy numerem 1 na \u015bwiecie! Dlatego mamy sta\u0142y wzrost naszej planetarnej rodziny MISTER DZIRLO (NAJSZYBCIEJ rozwijaj\u0105cej si\u0119 rodziny na \u015bwiecie)!<br><br>NIE JESTE\u015aMY GRUP\u0104 - JESTE\u015aMY RODZIN\u0104 - Nasz klient nie jest osob\u0105, kt\u00f3ra daje pieni\u0105dze kupi\u0107 co\u015b z oferty, to osoba, kt\u00f3ra jest naszym sta\u0142ym partnerem biznesowym i cz\u0142onkiem naszej rodziny, bo wyznaje t\u0119 sam\u0105 ideologi\u0119 biznesow\u0105!<\/h5><p>\u00a0<\/p><h4 style=\"text-align: center;\"><span style=\"text-decoration: underline;\"><b><i>PROCEDURA ZAKUPU MISTER DZIRLO PROMO SAMOCH\u00d3D ELEKTRYCZNY<\/i><\/b><\/span><\/h4><h5 class=\"translation-block\">Wszystkich zainteresowanych odbiorc\u00f3w informacji o promocyjnym samochodzie elektrycznym Mister Dzir\u0142o podzielono na dwie grupy: <br>A) WNIOSKODAWCY (ZAINTERESOWANI); raty, je\u015bli samozasilaj\u0105 si\u0119). wybra\u0142a produkt i podpisa\u0142a umow\u0119 dostawy. zg\u0142oszenie zostanie przyj\u0119te, to znaczy je\u015bli wybrany przez niego model zostanie w\u0142\u0105czony do procesu produkcyjnego, zapewniony transport w kontyngencie i ustalony termin dostawy, to OFERTA wyra\u017ca zgod\u0119 na WNIOSKODAWCY o dokonanie p\u0142atno\u015bci. Autoryzacja p\u0142atno\u015bci jest wa\u017cna przez 3 dni od daty zatwierdzenia. W przypadku niedotrzymania tego terminu LICYTUJ\u0104CY przenosi prawo do zap\u0142aty na kolejnego WNIOSKODAWC\u0118.<br><br>Post\u0119powanie w ten spos\u00f3b pozwala unikn\u0105\u0107 nieporozumie\u0144. To prawda, \u017ce \u200b\u200bprocedury na pierwszy rzut oka s\u0105 nieco skomplikowane, ale jak powiedzia\u0142 pan Dzir\u0142o... biznes si\u0119 udaje, gdy na pocz\u0105tku jest wiele problem\u00f3w, bo to gwarancja, \u017ce \u200b\u200bna ko\u0144cu nie b\u0119dzie \u017cadnych, a drugi nie odwrotnie!<\/h5><h4 style=\"text-align: center;\"><b><i>WYKONYWANIE PRAWA DO DOTACJI<\/i><\/b><\/h4><h5>MI\u0118DZYNARODOWY HOLDING MISTER DZIRLO PRZENOSI PRAWO DO DOTACJI NA RZECZ KUPUJ\u0104CEGO.<\/h5><h5>Prawa subsydi\u00f3w s\u0105 wykonywane przez wszystkie osoby prawne i fizyczne w UE. Je\u015bli wi\u0119c jeste\u015b kupcem z kraju cz\u0142onkowskiego UE, przys\u0142uguje Ci dotacja w wysoko\u015bci 100% warto\u015bci dop\u0142aty, poniewa\u017c OFERTA RZECZY TE PRAWA KUPUJ\u0104CEMU.<br \/><br \/>W BiH jest inaczej:<br \/><br \/>Je\u015bli jeste\u015b zarejestrowany w podmiocie RS, nie korzystasz ze swoich praw, poniewa\u017c rz\u0105d podmiotu ich nie przyznaje.<br \/>Je\u015bli jeste\u015b zarejestrowany w Federacji, subwencja przys\u0142uguje Ci, je\u015bli jeste\u015b osob\u0105 fizyczn\u0105 i to w wysoko\u015bci 100%, poniewa\u017c OFERTA CEDUJE TE PRAWA NA KUPUJ\u0104CEGO.<\/h5><h4 style=\"text-align: center;\"><b><i>DOSTAWA POJAZD\u00d3W ELEKTRYCZNYCH ZGODNIE Z \u017bYCZENIEM KUPUJ\u0104CEGO<\/i><\/b><\/h4><h5><br \/>Wielu ZAINTERESOWANYCH chce mie\u0107 wybrany przez siebie pojazd elektryczny! Chc\u0105 pojazdu o wi\u0119kszym zasi\u0119gu, wi\u0119kszych pr\u0119dko\u015bciach itp. Wielu zainteresowanych przesy\u0142a nam zdj\u0119cie lub film! Jeste\u015bmy w stanie dostarczy\u0107 ka\u017cdy pojazd na najkorzystniejszych warunkach na \u015bwiecie!<br \/>JE\u015aLI OTRZYMASZ OFERT\u0118 KORZYSTNIEJSZ\u0104 NI\u017b NASZA, Z NI\u017bSZ\u0104 CEN\u0104 ZA TEN SAM SAMOCH\u00d3D, ZWR\u00d3CIMY R\u00d3\u017bNIC\u0118 W CENIE!!!!<\/h5><h4 style=\"text-align: center;\"><b><i>CO JEST WLICZONE W CEN\u0118 SPRZEDA\u017bY POJAZDU<\/i><\/b><\/h4><h5 class=\"translation-block\"><br>Mamy wiele pyta\u0144 dotycz\u0105cych tego, co jest wliczone w cen\u0119 pojazdu? Cena sprzeda\u017cy pojazdu obejmuje:<br><br>1) cen\u0119 produkcji pojazdu;<br>2) koszty transportu;<br>3) ewentualne koszty c\u0142a;<br>4) VAT, VAT, DDH, AFA.... (s\u0105 to podatki od warto\u015bci dodanej, procenty i nazwy r\u00f3\u017cni\u0105 si\u0119 w zale\u017cno\u015bci od kraju);<br>5) Koszty homologacji;<br>6) Koszty us\u0142ug spedycyjnych:<br>7) Koszty pierwszej us\u0142ugi.<\/h5><h4 style=\"text-align: center;\"><b><i>GWARANCJE<\/i><\/b><\/h4><h5><br \/>Gwarancja na POJAZDY ELEKTRYCZNE MISTER DZIRLO PROMO wynosi 3 lata i 100 000 przejechanych kilometr\u00f3w!<\/h5><h4 style=\"text-align: center;\"><br \/><b><i>US\u0141UGI<\/i><\/b><\/h4><h5 class=\"translation-block\"><br>Ka\u017cdy klient naszego pojazdu z chwil\u0105 przej\u0119cia staje si\u0119 posiadaczem ksi\u0105\u017ceczki, w kt\u00f3rej wskazane s\u0105 wszystkie autoryzowane serwisy oraz lista lokalizacji stacji benzynowych!<br><br><span><em> <b>Uwaga<\/b>:<\/em><\/span> Ta oferta dotyczy pierwszego kontyngentu. Je\u017celi oferta nie zostanie przyj\u0119ta w ci\u0105gu 10 dni od jej otrzymania, jej wa\u017cno\u015b\u0107 ustaje, poniewa\u017c odbiorca oferty rezygnuje z zakupu i ust\u0119puje miejsca kolejnemu ZAINTERESOWANEMU z listy oczekuj\u0105cych. Jest to konieczne, poniewa\u017c system sprzeda\u017cy opiera si\u0119 na produkcji pojazd\u00f3w dla ZNANEGO KLIENTA.<\/h5><h4 style=\"text-align: center;\"><b><i>POJAZDY SPECJALNE<\/i><\/b><\/h4><h5 class=\"translation-block\"><br>Na TWOJE \u017cyczenie dostarczamy r\u00f3wnie\u017c specjalne pojazdy elektryczne dla os\u00f3b niepe\u0142nosprawnych, o\u015brodki zdrowia, urz\u0119dy pocztowe, pojazdy dostawcze itp.<br>Zwykle kupujemy pojazdy na najkorzystniejszych warunkach, opr\u00f3cz naszej starej zasady: TY MAJ\u0104 LEPSZE OFERTY (kt\u00f3ra nie jest podr\u00f3bk\u0105) ZWRACAMY R\u00d3\u017bNIC\u0118 W CENIE!<\/h5><h4 style=\"text-align: center;\"><br \/><br \/><b><i>SAMOPO\u017bYCZANIE<\/i><\/b><\/h4><h5 class=\"translation-block\"><br>Je\u017celi chcesz dostaw\u0119 pojazdu z p\u0142atno\u015bci\u0105 w ratach, mamy mo\u017cliwo\u015b\u0107 zaproponowania Ci SAMODZIELNEGO KREDYTU!<br>Zasada jest prosta:<br>1) Sam ustalasz wysoko\u015b\u0107 i ilo\u015b\u0107 rat;<br> br&gt;2) Po op\u0142aceniu ostatniej raty dostarczamy zam\u00f3wiony pojazd ;<br>3) Od ka\u017cdej wp\u0142aconej raty p\u0142acimy odsetki bankowe, kt\u00f3rych warto\u015b\u0107 odejmujemy od warto\u015bci faktury.<br>Do wszystkich osobom zainteresowanym tego typu zakupem pojazdu, na ich pro\u015bb\u0119 przesy\u0142amy umow\u0119 na SAMOKREDYT.<br>(Niniejszy system sprzeda\u017cy jest chroniony jako w\u0142asno\u015b\u0107 intelektualna Pana DZIRLA i wszelkie jego kopiowanie w ca\u0142o\u015bci lub w cz\u0119\u015bci jest karalne.<\/h5><p>\u00a0<\/p><h4 style=\"text-align: center;\">WNIOSEK<\/h4><h5 style=\"text-align: left;\"><br \/><br \/>PLAN PODR\u00d3\u017bY (KOLEJNO\u015a\u0106 RUCH\u00d3W) W CELU ZAM\u00d3WIENIA<\/h5><h5 class=\"translation-block\">SAMOCH\u00d3D ELEKTRYCZNY MISTER DZIRLO PROMO:<br><br>1) WYSY\u0141ANIE PRO\u015aBY O OTRZYMANIE OFERTY (zapytanie ofertowe jak i korespondencja mo\u017ce odbywa\u0107 si\u0119 wy\u0142\u0105cznie za po\u015brednictwem adresu e-mail <strong><span style=\"text-decoration: underline\"><a href=\"mailto:infodzirlo@gmail.com\" target=\"_self\">infodzirlo@gmail.com<\/a><\/span><\/strong><br>2) ZAPOZNAJ SI\u0118 Z OFERT\u0104 I ZAPYTAJ MO\u017bLIWE WYJA\u015aNIENIA NIEJASNO\u015aCI<br> 3) ZAWAR\u0106 UMOW\u0118<br>4) PO ZATWIERDZENIU P\u0141ATNO\u015aCI DOKONA\u0106 P\u0141ATNO\u015aCI<br>5) POST\u0118POWA\u0106 Z FAZAMI PRODUKCJI I DOSTAWY POJAZDU<br>6) B\u0104D\u0179 W STA\u0141YM KONTAKCIE Z OFERTA<br>7) ODBI\u00d3R POJAZDU W UZGODNIONYM MIEJSCU<\/h5>\t\t\t\t\t\t\t\t<\/div>\n\t\t\t\t<\/div>\n\t\t\t\t\t<\/div>\n\t\t<\/div>\n\t\t\t\t\t<\/div>\n\t\t<\/section>\n\t\t\t\t<\/div>","protected":false},"excerpt":{"rendered":"<p>PONUDA O POSLOVNOJ SURADNJI &#8211; DA BI SE BOLJE RAZUMJELI &#8211; Ovaj sistem prodaje je za\u0161ti\u0107en kao intelektualna svojina Mister DZIRLA i svako njegovo kopiranje u cjelini ili dijelovima je ka\u017enjivo ! Kada smo krenuli u realizaciju projekta MISTER D\u017dIRLO PROMO ELECTRIC CAR (u daljnjem tekstu PONU\u0110A\u010c) definirali smo projektne zadatke: 1) Definirani tr\u017ei\u0161ni prostor [&hellip;]<\/p>\n","protected":false},"author":1,"featured_media":0,"parent":0,"menu_order":0,"comment_status":"closed","ping_status":"closed","template":"template-homepage.php","meta":{"inline_featured_image":false,"_monsterinsights_skip_tracking":false,"_monsterinsights_sitenote_active":false,"_monsterinsights_sitenote_note":"","_monsterinsights_sitenote_category":0,"footnotes":""},"class_list":["post-17642","page","type-page","status-publish","hentry"],"aioseo_notices":[],"_links":{"self":[{"href":"https:\/\/misterdzirlo.info\/pl\/wp-json\/wp\/v2\/pages\/17642","targetHints":{"allow":["GET"]}}],"collection":[{"href":"https:\/\/misterdzirlo.info\/pl\/wp-json\/wp\/v2\/pages"}],"about":[{"href":"https:\/\/misterdzirlo.info\/pl\/wp-json\/wp\/v2\/types\/page"}],"author":[{"embeddable":true,"href":"https:\/\/misterdzirlo.info\/pl\/wp-json\/wp\/v2\/users\/1"}],"replies":[{"embeddable":true,"href":"https:\/\/misterdzirlo.info\/pl\/wp-json\/wp\/v2\/comments?post=17642"}],"version-history":[{"count":0,"href":"https:\/\/misterdzirlo.info\/pl\/wp-json\/wp\/v2\/pages\/17642\/revisions"}],"wp:attachment":[{"href":"https:\/\/misterdzirlo.info\/pl\/wp-json\/wp\/v2\/media?parent=17642"}],"curies":[{"name":"wp","href":"https:\/\/api.w.org\/{rel}","templated":true}]}}