{"id":17642,"date":"2022-10-19T17:54:39","date_gmt":"2022-10-19T15:54:39","guid":{"rendered":"https:\/\/misterdzirlo.info\/?page_id=17642"},"modified":"2023-03-01T14:19:29","modified_gmt":"2023-03-01T13:19:29","slug":"ponuda-o-poslovnoj-saradnji","status":"publish","type":"page","link":"https:\/\/misterdzirlo.info\/ro\/oferta-in-afacere-cooperare\/","title":{"rendered":"Oferta privind cooperarea \u00een afaceri"},"content":{"rendered":"<div data-elementor-type=\"wp-page\" data-elementor-id=\"17642\" class=\"elementor elementor-17642\" data-elementor-post-type=\"page\">\n\t\t\t\t\t\t<section class=\"elementor-section elementor-top-section elementor-element elementor-element-6bcdb6d elementor-section-full_width elementor-section-height-default elementor-section-height-default\" data-id=\"6bcdb6d\" data-element_type=\"section\">\n\t\t\t\t\t\t<div class=\"elementor-container elementor-column-gap-default\">\n\t\t\t\t\t<div class=\"elementor-column elementor-col-100 elementor-top-column elementor-element elementor-element-4ead6f9\" data-id=\"4ead6f9\" data-element_type=\"column\">\n\t\t\t<div class=\"elementor-widget-wrap elementor-element-populated\">\n\t\t\t\t\t\t<div class=\"elementor-element elementor-element-d6bfed1 elementor-widget elementor-widget-heading\" data-id=\"d6bfed1\" data-element_type=\"widget\" data-widget_type=\"heading.default\">\n\t\t\t\t<div class=\"elementor-widget-container\">\n\t\t\t\t\t<h1 class=\"elementor-heading-title elementor-size-default\">OFERTA DE COOPERARE IN AFACERI<\/h1>\t\t\t\t<\/div>\n\t\t\t\t<\/div>\n\t\t\t\t<div class=\"elementor-element elementor-element-8552b43 elementor-widget elementor-widget-heading\" data-id=\"8552b43\" data-element_type=\"widget\" data-widget_type=\"heading.default\">\n\t\t\t\t<div class=\"elementor-widget-container\">\n\t\t\t\t\t<h3 class=\"elementor-heading-title elementor-size-default\">- SA SE INTELEGE MAI BINE -<\/h3>\t\t\t\t<\/div>\n\t\t\t\t<\/div>\n\t\t\t\t<div class=\"elementor-element elementor-element-b78c1a9 elementor-widget elementor-widget-text-editor\" data-id=\"b78c1a9\" data-element_type=\"widget\" data-widget_type=\"text-editor.default\">\n\t\t\t\t<div class=\"elementor-widget-container\">\n\t\t\t\t\t\t\t\t\t<h5><b>Acest sistem de v\u00e2nzare este protejat ca proprietate intelectual\u0103 a domnului DZIRLA \u0219i orice copiere a acestuia integral sau par\u021bial se pedepse\u0219te!<\/b><\/h5><h5 class=\"translation-block\">C\u00e2nd am \u00eenceput implementarea proiectului MISTER D\u017dIRLO PROMO ELECTRIC CAR (denumit \u00een continuare PROMOTOR), am definit sarcinile proiectului:<br><br>1) Aria de pia\u021b\u0103 definit\u0103 a ofertei este \u00eentreaga pia\u021b\u0103 mondial\u0103;<br>2) Pre\u021bul de v\u00e2nzare al fiec\u0103rui VEHICULE ELECTRICE MISTER D\u017dIRLO PROMO trebuie s\u0103 fie cel mai mic din zona de pia\u021b\u0103 definit\u0103;<br>3) Garan\u021bia \u0219i calitatea trebuie s\u0103 fie superioare fa\u021b\u0103 de concuren\u021b\u0103;<br>4) Servicii (care sunt practic inutile). ) trebuie s\u0103 fie disponibile \u0219i de \u00eenalt\u0103 calitate \u00een \u00eentreaga zon\u0103 \u00een care sunt utilizatorii acestor vehicule. Acest lucru este valabil \u0219i pentru piesele de schimb.<\/h5><h5 class=\"translation-block\">Pentru a \u00eendeplini aceste sarcini de proiect a trebuit s\u0103 \u00eendeplinim anumite condi\u021bii. Acestea sunt:<br>1) S\u0103 formeze o re\u021bea de parteneri de afaceri care s\u0103 fie capabili s\u0103 produc\u0103 cantit\u0103\u021bile comandate de produse de calitatea cerut\u0103 \u0219i \u00een termenele stabilite;<br>2) Pentru pre\u021bul oferit MISTER DZIRLO PROMO VEHICULE ELECTRICE pentru a fi cele mai competitive (cel mai mic), cantitatea minima trebuia sa fie de 1.000.000 (milioane) de unitati, in total pentru toate modelele oferite. Aceste modele sunt produse \u0219i livrate \u00een mai multe contingente;<br>3) Aceast\u0103 cantitate a permis, printre al\u021bi factori, cel mai mic pre\u021b, deoarece conform filozofiei de afaceri a MISTER DZIRLA, un vehicul electric nu este un lux! Este necesar ca hran\u0103! Cele mai recente cercet\u0103ri din Anglia arat\u0103 o sc\u0103dere a v\u00e2nz\u0103rilor de vehicule electrice, iar 47% dintre acestea se datoreaz\u0103 pre\u021burilor ridicate! Cu aceste pre\u021buri pe pia\u021ba mondial\u0103, timpul \u0219i deprecierea func\u021bional\u0103 a el. vehiculele sunt NEPROFITABILE (vezi cartea Dl Ishak Dzirlo, univ. dipl. ec. AMORTIZARE CA FACTOR DE REPRODUCERE EXTINS\u0102, edi\u021bia FEB 1977).<br>4) Sistemul bancar trebuie s\u0103 fie doar un canal necesar de transfer de bani (cazan de flux). ), nu finan\u021batorul proiectului HOLDINGULUI INTERNA\u021aIONAL MISTER DZIRLA, care NU a folosit NICIODAT\u0102 un \u00eemprumut \u00een lunga sa istorie!<\/h5><h5 class=\"translation-block\">Deoarece capitalul bancar a fost eliminat, rezultatul este chiar un PRE\u021a CU 37,4% MAI S\u0102CUT, deoarece OFERTA nu trebuie s\u0103 pl\u0103teasc\u0103 pre\u021bul capitalului bancar! De ce?<br>Exist\u0103 3 motive: 1. Nu exist\u0103 o singur\u0103 banc\u0103 care s\u0103 poat\u0103 credita un proiect de aceast\u0103 cantitate \u0219i anvergur\u0103, a\u0219a c\u0103 sunt necesare mai multe b\u0103nci!<br>2. Garan\u021biile bancare sunt at\u00e2t de mari \u00eenc\u00e2t sunt complet neprofitabile (vechea poveste a unui credit ipotecar cu un raport de 5:1);<br>3. Dob\u00e2nda \u0219i stocul practic m\u0103n\u00e2nc\u0103 profituri<\/h5><h5 class=\"translation-block\">Deci cine finan\u021beaz\u0103 implementarea proiectului MISTER DZIRLO PROMO ELECTRIC CAR?<br><br>Ei bine, clientul este foarte mul\u021bumit. De ce?<br><br>Ei bine, procesul este extrem de transparent, pentru c\u0103 prin aplicarea filozofiei de afaceri a DOMNULUI DZIRLA, OFERENTUL \u00eel face posibil!<br>Nu este nimic ascuns, totul este disponibil clien\u021bilor \u0219i p\u0103r\u021bilor interesate (solicitan\u021bi) )!<\/h5><h5>Regulile de comunicare dintre OFERTA si dumneavoastra ca potential client deriva din sarcinile stabilite de proiect.<\/h5><h5 class=\"translation-block\">A\u0219adar, filosofia de afaceri a MISTER DZIRLA este foarte simpl\u0103: este mai bine s\u0103 oferi\u021bi cel mai mic pre\u021b al produselor \u0219i serviciilor \u0219i s\u0103 ave\u021bi o cre\u0219tere constant\u0103 \u0219i de neoprit a cotei de pia\u021b\u0103 (cre\u0219terea v\u00e2nz\u0103rilor), dec\u00e2t s\u0103 p\u0103stra\u021bi produsele \u00een stoc. Din acest motiv VEHICULELE ELECTRICE PROMO MISTER DZIRLO sunt produse numai pentru un <b>CUMP\u0102R\u0102TOR CUNOSCUT (v\u00e2ndut \u00een avans)!<\/b><\/h5><h5 class=\"translation-block\">De aceea, putem spune cu mare pl\u0103cere: DAC\u0102 G\u0102SI\u021aI UN VEHICUL ELECTRIC CU PERFORMAN\u021aE ASEM\u0102NATE \u0218I UN PRE\u021a MAI MIC \u00ceN TOAT\u0102 LUME - VOM RATUR\u0102 DIFEREN\u021aA DE PRET! Nimeni nu a r\u0103spuns \u00eenc\u0103 - \u00eenc\u0103 a\u0219tept\u0103m!<br>Deci formula este:<br>1) SERIE MARE;<br>2) ELIMINAREA CAPITALULUI BANCAR;<br>3) ELIMINAREA INVENTARULUI<\/h5><h5 style=\"text-align: center;\" class=\"translation-block\"><u><b>CONSECIN\u021a\u0102?<\/b><\/u><u><b><br><\/b><\/u><u><b>CEL MAI MIC PRE\u021a = CEREREA CELE MAI MARE<\/b><\/b><\/u><\/h5><h5 class=\"translation-block\">Dovad\u0103: primul contingent de 4.000 de vehicule este aproape plin de cereri.<br><b>(Not\u0103: pentru al doilea contingent vom anun\u021ba \u00eenceperea primirii cererilor cu condi\u021bii definite)!<\/b><\/h5><h5 class=\"translation-block\">Judec\u0103 singur dac\u0103 aceast\u0103 filozofie de afaceri este inteligent\u0103! <br>Aceasta este filozofia de afaceri a MISTER DZIRLO: MISTER DZIRLO are mereu MISIUNEA DE A PROTEJA INTERESELE CLIEN\u021aILOR! Clientul pierde dobanda bancara in perioada in care isi cumpara VEHICULUL ELECTRIC MISTER DZIRLO! \u00ceN CUM CUMP\u0102R\u0102 UN VEHICUL ELECTRIC - ECONOMISI!!!<br>Acel grup de interesa\u021bi care din categoria SOLICITAN\u021aI (INTERESA\u021aI) au primit statutul de cump\u0103r\u0103tor (au f\u0103cut o plat\u0103 sau au \u00eenceput s\u0103 pl\u0103teasc\u0103 rate de AUTOCREDIT, \u00een a\u0219teptarea livrarea modelului lor pl\u0103tit nu pierde nimic!<\/h5><h5>De ce? Banii pe care i-au pl\u0103tit pentru vehicul au acela\u0219i statut ca \u0219i economii, iar \u00een acest timp OFERTA calculeaz\u0103 dob\u00e2nda bancar\u0103, pe care le pl\u0103te\u0219te prin facturi reduse de vehicul la livrarea acestuia!<\/h5><h5 class=\"translation-block\">Acest privilegiu de client este prezent pentru prima dat\u0103 \u00een lume! Domnul Dzirlo dep\u0103\u0219e\u0219te limitele afacerilor, pentru c\u0103 prin aceasta clientul este transformat \u00eentr-un partener de afaceri! Deci, este o rela\u021bie complet nou\u0103 revolu\u021bionar\u0103 CUMP\u0102R\u0102TOR - V\u00c2NZ\u0102TOR. Ce spunea poetul: ...din c\u00e2te \u00eemi amintesc din vremuri trecute, o floare cre\u0219te \u00een munte. Acea floare prosper\u0103 peste tot \u0219i se nume\u0219te.... INVERSARE! De ce \u00eentoarcerea? Mai bine s\u0103 investe\u0219ti \u00eentr-un client, pentru c\u0103 acel client aduce trei clien\u021bi noi! Este ok!?<br>Not\u0103: citatele poe\u021bilor sunt nobile OFERTA USCAT\u0102! La urma urmei, TESLA nu ar fi TESLA dac\u0103 nu ar fi fost GETEO!<br>Acest lucru este valabil \u0219i pentru acei clien\u021bi care au decis s\u0103 se autofinan\u021beze!<br>Deci, \u00een timp ce pl\u0103ti\u021bi rate - ECONOMISI\u021aI!<\/h5><h5 class=\"translation-block\">Filosofia de afaceri a DOMNULUI DZIRLA este s\u0103 nu fascineze clien\u021bii cu cl\u0103diri magnifice, coloane de marmur\u0103, tejghele aurite... Este o str\u0103lucire exterioar\u0103, dar asta nu \u00eenseamn\u0103 c\u0103 regula nu se aplic\u0103 la astfel de: EXTERIOR JADAC, \u0218I INTERIOR SMOOTH! Am primit multe astfel de companii \u0219i le-am desf\u0103\u0219urat \u0219i mai repede!<br>Noi suntem cei care, cu ideologia lor de afaceri, ob\u021binem fiecare om normal ca sprijin \u0219i aliat \u00een realizarea proiectului! De ce!?<br>S-au dus vremurile de a impresiona clientul cu efecte vizuale, acum este vremea ideologiilor de afaceri de succes! Informa\u021biile teleportate, datorit\u0103 internetului, schimb\u0103 totul - se stabilesc reguli noi, pentru c\u0103, \u00een acela\u0219i timp, TO\u021aI \u0218TIE TOT!<\/h5><h5 class=\"translation-block\">Ei bine, iat\u0103 c\u0103 suntem num\u0103rul 1 \u00een lume! De aceea avem o cre\u0219tere constant\u0103 a familiei noastre planetare MISTER DZIRLO (familia cu cea mai rapid\u0103 cre\u0219tere din lume)!<br><br>NU SUNTEM UN GRUP - SUNTEM O FAMILIE - Clientul nostru nu este o persoan\u0103 care d\u0103 bani pentru cump\u0103r\u0103 ceva din ofert\u0103, este o persoan\u0103 care este partenerul nostru permanent de afaceri \u0219i membru al familiei noastre, pentru c\u0103 \u00eemp\u0103rt\u0103\u0219e\u0219te aceea\u0219i ideologie de afaceri!<\/h5><p>\u00a0<\/p><h4 style=\"text-align: center;\"><span style=\"text-decoration: underline;\"><b><i>PROCEDURA DE ACHIZITIONARE MISTER DZIRLO PROMO AUTO ELECTRICA<\/i><\/b><\/span><\/h4><h5 class=\"translation-block\">To\u021bi destinatarii interesa\u021bi ai informa\u021biilor despre ma\u0219ina electric\u0103 promo\u021bional\u0103 Mister Dzirlo se \u00eempart \u00een dou\u0103 grupe: A) SOLICITAN\u021aI (INTERESA\u021aI); rate, dac\u0103 se autocrediteaz\u0103).<br><br>SOLICITATI sunt to\u021bi cei care au solicitat \u0219i au primit OFERTA, au studiat. acesta, a selectat produsul si a semnat contractul de livrare, cererea este acceptata, adica daca modelul sau ales este inclus in procesul de productie, se asigura transportul in contingent si se stabileste data de livrare, atunci OFERTA da acordul SOLICITANT s\u0103 efectueze plata. Autoriza\u021bia de plat\u0103 este valabil\u0103 3 zile de la data aprob\u0103rii. \u00cen cazul \u00een care acest termen este dep\u0103\u0219it, OFERTANTUL atribuie dreptul la plat\u0103 urm\u0103torului SOLICITANT.<br><br>Urm\u00e2nd aceast\u0103 procedur\u0103, se evit\u0103 orice ne\u00een\u021belegere. E adev\u0103rat c\u0103 procedurile sunt cam complicate la prima vedere, dar ce a spus domnul Dzirlo... afacerile reu\u0219esc c\u00e2nd sunt multe probleme la \u00eenceput, pentru c\u0103 asta e o garan\u021bie c\u0103 nu va fi nici la sf\u00e2r\u0219it, nu cealalt\u0103. \u00een jur!<\/h5><h4 style=\"text-align: center;\"><b><i>EXERCITAREA DREPTULUI LA SUBVEN\u021aII<\/i><\/b><\/h4><h5>HOLDINGUL INTERNA\u021aIONAL MISTER DZIRLO CESEAZ\u0102 DREPTUL LA SUBVEN\u021aII \u00ceN FAVOAREA CUMP\u0102R\u0102TORULUI.<\/h5><h5>Drepturile de subven\u021bie sunt exercitate de toate persoanele juridice \u0219i fizice din UE. A\u0219adar, dac\u0103 sunte\u021bi cump\u0103r\u0103tor dintr-o \u021bar\u0103 membr\u0103 a UE, ave\u021bi dreptul la o subven\u021bie \u00een valoare de 100% din valoarea subven\u021biei, deoarece OFERTA CESEAZ\u0102 ACELE DREPTUR\u0102 CUMP\u0102R\u0102TORULUI.<br \/><br \/>Lucrurile stau diferit \u00een BiH:<br \/><br \/>Dac\u0103 sunte\u021bi \u00eenregistrat \u00een entitatea RS, nu v\u0103 exercita\u021bi drepturile, deoarece guvernul entit\u0103\u021bii nu le acord\u0103.<br \/>Daca esti inregistrat in Federatie, ai dreptul la o subventie daca esti persoana fizica si in cuantum de 100%, deoarece OFERTA CESISTE ACELE DREPTURI CUMPARATORULUI.<\/h5><h4 style=\"text-align: center;\"><b><i>LIVRARE DE VEHICULE ELECTRICE DORINATE DE CUMP\u0102R\u0102TOR<\/i><\/b><\/h4><h5><br \/>Mul\u021bi INTERESA\u021aI \u00ee\u0219i doresc un vehicul electric la alegerea lor! Vor un vehicul cu autonomie mai mare, viteze mai mari etc. Multe persoane interesate ne trimit o poza sau un video! Suntem capabili s\u0103 livr\u0103m fiecare vehicul \u00een cele mai favorabile condi\u021bii din lume!<br \/>DACA PRIMI O OFERTA MAI FAVORABILA DECAT A NOASTRA, CU PRET MAI MICI, PENTRU ACEL VEHICUL, VOM RASTURSA DIFERENTA DE PRET!!!!<\/h5><h4 style=\"text-align: center;\"><b><i>CE ESTE INCLUS IN PRETUL DE VANDARE AL VEHICULULUI<\/i><\/b><\/h4><h5 class=\"translation-block\"><br>Avem multe \u00eentreb\u0103ri despre ce este inclus \u00een pre\u021bul vehiculului? Pre\u021bul de v\u00e2nzare al vehiculului include:<br><br>1) Pre\u021bul de produc\u021bie al vehiculului;<br>2) Costurile de transport;<br>3) Costurile vamale, dac\u0103 exist\u0103;<br>4) TVA, TVA, DDH, AFA.... (acestea sunt taxe pe valoarea ad\u0103ugat\u0103, procentele \u0219i denumirile difer\u0103 de la o \u021bar\u0103 la alta);<br>5) Costurile de omologare;<br>6) Costurile serviciilor de expediere:<br>7) Costurile primului serviciu.<\/h5><h4 style=\"text-align: center;\"><b><i>GARAN\u021aII<\/i><\/b><\/h4><h5><br \/>Garantia pentru VEHICULE ELECTRICE MISTER DZIRLO PROMO este de 3 ani si 100.000 de kilometri functionali!<\/h5><h4 style=\"text-align: center;\"><br \/><b><i>SERVICII<\/i><\/b><\/h4><h5 class=\"translation-block\"><br>Fiecare client al vehiculului nostru, la preluarea vehiculului, devine proprietarul unei bro\u0219uri \u00een care sunt indicate toate serviciile autorizate, precum \u0219i o list\u0103 cu loca\u021biile sta\u021biilor de alimentare!<br><br><span style=\"text-decoration: underline\"><em> <b>Not\u0103<\/b>:<\/em><\/span> Aceast\u0103 ofert\u0103 este valabil\u0103 pentru primul contingent. In cazul in care oferta nu este acceptata in termen de 10 zile de la primire, valabilitatea acesteia inceteaza, deoarece destinatarul ofertei renunta la cumparare si cedeaza locul sau urmatorului INTERESAT din lista de asteptare. Acest lucru este necesar, deoarece sistemul de v\u00e2nzare se bazeaz\u0103 pe produc\u021bia de vehicule pentru un CLIENT CUNOSCUT.<\/h5><h4 style=\"text-align: center;\"><b><i>VEHICULE SPECIALE<\/i><\/b><\/h4><h5 class=\"translation-block\"><br>La cererea DVS. livram si vehicule electrice speciale pentru persoane cu handicap, centre de sanatate, oficii postale, autovehicule de aprovizionare etc.<br>In mod normal, achizitionam vehicule in cele mai favorabile conditii, pe langa vechea noastra regula: TU AVE\u021aI O OFERT\u0102 MAI BUN\u0102 (care nu este fals\u0103) RATUR\u0102M DIFERENTA DE PRET!<\/h5><h4 style=\"text-align: center;\"><br \/><br \/><b><i>AUTO-CREDIT<\/i><\/b><\/h4><h5 class=\"translation-block\"><br>Dac\u0103 dore\u0219ti livrarea unui vehicul cu plata \u00een rate, avem op\u021biunea de a-\u021bi oferi AUTOCREDIT!<br>Principiul este simplu:<br>1) Tu stabile\u0219ti singur suma \u0219i num\u0103rul ratelor;<br>2) Dup\u0103 plata ultimei rate, livr\u0103m vehiculul solicitat ;<br>3) La fiecare rat\u0103 pl\u0103tit\u0103, pl\u0103tim dob\u00e2nd\u0103 bancar\u0103, a c\u0103rei valoare o scadem din valoarea facturii.<br>La toate cei interesati de acest tip de achizitie de autovehicule, la cererea acestora trimitem un contract de AUTOCREDIT.<br>(Acest sistem de vanzare este protejat ca proprietate intelectuala Domnule DZIRLA si orice copiere a acestuia integral sau partiala se pedepseste.<\/h5><p>\u00a0<\/p><h4 style=\"text-align: center;\">CONCLUZIE<\/h4><h5 style=\"text-align: left;\"><br \/><br \/>ITINERARI (SECVEN\u021aA DE MU\u0218\u0102RI) PENTRU ACHIZI\u021aII<\/h5><h5 class=\"translation-block\">MISTER DZIRLO PROMO MA\u0218IN\u0102 ELECTRIC\u0102:<br><br>1) TRIMITEREA CERERII DE PRIMIREA O OFERT\u0102 (cererea de ofert\u0103, precum \u0219i coresponden\u021ba se pot face numai prin adresa de e-mail <strong><span style=\"text-decoration: underline\"><a href=\"mailto:infodzirlo@gmail.com\" target=\"_self\">infodzirlo@gmail.com<\/a><\/span><\/strong><br>2) STUDIA\u021aI OFERTA \u0218I INTERE\u021aI PENTRU POSIBILE EXPLICA\u021aII PENTRU AMBIGUIT\u0102\u021aI<br> 3) \u00ceNCHEIA\u021aI UN CONTRACT<br>4) DUP\u0102 APROBAREA PL\u0102\u021aII Efectua\u021bi PLATA<br>5) URMAREA\u021aI FAZELE DE PRODUC\u021aIE \u0218I LIVRARE A VEHICULUI DVS.<br>6) FI\u021aI \u00ceN CONTACT CONSTANT CU OFERTA<br>7) RIDIA\u021aI VEHICULUL LA DESTINATIA ACCORDAT\u0102<\/h5>\t\t\t\t\t\t\t\t<\/div>\n\t\t\t\t<\/div>\n\t\t\t\t\t<\/div>\n\t\t<\/div>\n\t\t\t\t\t<\/div>\n\t\t<\/section>\n\t\t\t\t<\/div>","protected":false},"excerpt":{"rendered":"<p>PONUDA O POSLOVNOJ SURADNJI &#8211; DA BI SE BOLJE RAZUMJELI &#8211; Ovaj sistem prodaje je za\u0161ti\u0107en kao intelektualna svojina Mister DZIRLA i svako njegovo kopiranje u cjelini ili dijelovima je ka\u017enjivo ! Kada smo krenuli u realizaciju projekta MISTER D\u017dIRLO PROMO ELECTRIC CAR (u daljnjem tekstu PONU\u0110A\u010c) definirali smo projektne zadatke: 1) Definirani tr\u017ei\u0161ni prostor [&hellip;]<\/p>\n","protected":false},"author":1,"featured_media":0,"parent":0,"menu_order":0,"comment_status":"closed","ping_status":"closed","template":"template-homepage.php","meta":{"inline_featured_image":false,"_monsterinsights_skip_tracking":false,"_monsterinsights_sitenote_active":false,"_monsterinsights_sitenote_note":"","_monsterinsights_sitenote_category":0,"footnotes":""},"class_list":["post-17642","page","type-page","status-publish","hentry"],"aioseo_notices":[],"_links":{"self":[{"href":"https:\/\/misterdzirlo.info\/ro\/wp-json\/wp\/v2\/pages\/17642","targetHints":{"allow":["GET"]}}],"collection":[{"href":"https:\/\/misterdzirlo.info\/ro\/wp-json\/wp\/v2\/pages"}],"about":[{"href":"https:\/\/misterdzirlo.info\/ro\/wp-json\/wp\/v2\/types\/page"}],"author":[{"embeddable":true,"href":"https:\/\/misterdzirlo.info\/ro\/wp-json\/wp\/v2\/users\/1"}],"replies":[{"embeddable":true,"href":"https:\/\/misterdzirlo.info\/ro\/wp-json\/wp\/v2\/comments?post=17642"}],"version-history":[{"count":0,"href":"https:\/\/misterdzirlo.info\/ro\/wp-json\/wp\/v2\/pages\/17642\/revisions"}],"wp:attachment":[{"href":"https:\/\/misterdzirlo.info\/ro\/wp-json\/wp\/v2\/media?parent=17642"}],"curies":[{"name":"wp","href":"https:\/\/api.w.org\/{rel}","templated":true}]}}