{"id":17642,"date":"2022-10-19T17:54:39","date_gmt":"2022-10-19T15:54:39","guid":{"rendered":"https:\/\/misterdzirlo.info\/?page_id=17642"},"modified":"2023-03-01T14:19:29","modified_gmt":"2023-03-01T13:19:29","slug":"ponuda-o-poslovnoj-saradnji","status":"publish","type":"page","link":"https:\/\/misterdzirlo.info\/sk\/ponuka-obchodnej-spoluprace\/","title":{"rendered":"Ponuka obchodnej spolupr\u00e1ce"},"content":{"rendered":"<div data-elementor-type=\"wp-page\" data-elementor-id=\"17642\" class=\"elementor elementor-17642\" data-elementor-post-type=\"page\">\n\t\t\t\t\t\t<section class=\"elementor-section elementor-top-section elementor-element elementor-element-6bcdb6d elementor-section-full_width elementor-section-height-default elementor-section-height-default\" data-id=\"6bcdb6d\" data-element_type=\"section\">\n\t\t\t\t\t\t<div class=\"elementor-container elementor-column-gap-default\">\n\t\t\t\t\t<div class=\"elementor-column elementor-col-100 elementor-top-column elementor-element elementor-element-4ead6f9\" data-id=\"4ead6f9\" data-element_type=\"column\">\n\t\t\t<div class=\"elementor-widget-wrap elementor-element-populated\">\n\t\t\t\t\t\t<div class=\"elementor-element elementor-element-d6bfed1 elementor-widget elementor-widget-heading\" data-id=\"d6bfed1\" data-element_type=\"widget\" data-widget_type=\"heading.default\">\n\t\t\t\t<div class=\"elementor-widget-container\">\n\t\t\t\t\t<h1 class=\"elementor-heading-title elementor-size-default\">PONUKA NA OBCHODN\u00da SPOLUPR\u00c1CU<\/h1>\t\t\t\t<\/div>\n\t\t\t\t<\/div>\n\t\t\t\t<div class=\"elementor-element elementor-element-8552b43 elementor-widget elementor-widget-heading\" data-id=\"8552b43\" data-element_type=\"widget\" data-widget_type=\"heading.default\">\n\t\t\t\t<div class=\"elementor-widget-container\">\n\t\t\t\t\t<h3 class=\"elementor-heading-title elementor-size-default\">- ABY SI LEP\u0160IE ROZUMLI -<\/h3>\t\t\t\t<\/div>\n\t\t\t\t<\/div>\n\t\t\t\t<div class=\"elementor-element elementor-element-b78c1a9 elementor-widget elementor-widget-text-editor\" data-id=\"b78c1a9\" data-element_type=\"widget\" data-widget_type=\"text-editor.default\">\n\t\t\t\t<div class=\"elementor-widget-container\">\n\t\t\t\t\t\t\t\t\t<h5><b>Tento predajn\u00fd syst\u00e9m je chr\u00e1nen\u00fd ako du\u0161evn\u00e9 vlastn\u00edctvo p\u00e1na DZIRLA a ak\u00e9ko\u013evek jeho kop\u00edrovanie vcelku alebo po \u010dastiach je trestn\u00e9!<\/b><\/h5><h5 class=\"translation-block\">Ke\u010f sme za\u010dali s realiz\u00e1ciou projektu MISTER D\u017dIRLO PROMO ELECTRIC CAR (\u010falej PROMOTER), definovali sme \u00falohy projektu:<br><br>1) Vymedzenou trhovou oblas\u0165ou ponuky je cel\u00fd svetov\u00fd trh;<br>2) Predajn\u00e1 cena ka\u017ed\u00e9ho ELEKTRICK\u00c9HO VOZIDIEL MISTER D\u017dIRLO PROMO mus\u00ed by\u0165 najni\u017e\u0161ia vo vymedzenej oblasti trhu;<br>3) Z\u00e1ruka a kvalita musia by\u0165 v porovnan\u00ed s konkurenciou vy\u0161\u0161ie;<br>4) Slu\u017eby (ktor\u00e9 s\u00fa prakticky zbyto\u010dn\u00e9 ) musia by\u0165 dostupn\u00e9 a vo vysokej kvalite v celej oblasti, kde s\u00fa tieto vozidl\u00e1 u\u017e\u00edvate\u013emi. To plat\u00ed aj pre n\u00e1hradn\u00e9 diely.<\/h5><h5 class=\"translation-block\">Na splnenie t\u00fdchto projektov\u00fdch \u00faloh sme museli splni\u0165 ur\u010dit\u00e9 podmienky. S\u00fa to:<br>1) Vytvori\u0165 sie\u0165 obchodn\u00fdch partnerov, ktor\u00ed s\u00fa schopn\u00ed vyrobi\u0165 objednan\u00e9 mno\u017estv\u00e1 produktov v po\u017eadovanej kvalite a v dan\u00fdch term\u00ednoch;<br>2) Za cenu pon\u00fakan\u00e9ho MISTER DZIRLO PROMO ELEKTRICK\u00c9 VOZIDL\u00c1, aby boli \u010do najkonkurencieschopnej\u0161ie (najni\u017e\u0161ie), minim\u00e1lne mno\u017estvo muselo by\u0165 1 000 000 (mili\u00f3n) kusov, spolu pre v\u0161etky pon\u00fakan\u00e9 modely. Tieto modely sa vyr\u00e1baj\u00fa a dod\u00e1vaj\u00fa v nieko\u013ek\u00fdch kontingentoch;<br>3) Toto mno\u017estvo umo\u017enilo okrem in\u00fdch faktorov aj najni\u017e\u0161iu cenu, preto\u017ee pod\u013ea obchodnej filozofie MISTER DZIRLA nie je elektromobil luxus! Je to potrebn\u00e9 ako jedlo! Najnov\u0161\u00ed v\u00fdskum v Anglicku ukazuje pokles predaja elektrick\u00fdch vozidiel a 47 % z nich je sp\u00f4soben\u00fdch vysok\u00fdmi cenami! Pri t\u00fdchto cen\u00e1ch na svetovom trhu je \u010dasov\u00e1 a funk\u010dn\u00e1 amortiz\u00e1cia el. vozidl\u00e1 s\u00fa NEZISKOV\u00c9 (pozri knihu p. Ishak Dzirlo, univ. dipl. ec. AMORTIZ\u00c1CIA AKO FAKTOR ROZ\u0160\u00cdRENEJ REPRODUKCIE, vydanie FEB 1977).<br>4) Bankov\u00fd syst\u00e9m mus\u00ed by\u0165 len nevyhnutn\u00fdm kan\u00e1lom prevodu pe\u0148az\u00ed (prietokov\u00fd kotol ), nie finan\u010dn\u00edk projektu MEDZIN\u00c1RODNEJ HOLDINGOVEJ SPOLO\u010cNOSTI MISTER DZIRLA, ktor\u00e1 vo svojej dlhej hist\u00f3rii NIKDY nevyu\u017eila \u00faver!<\/h5><h5 class=\"translation-block\">Ke\u010f\u017ee bankov\u00fd kapit\u00e1l bol eliminovan\u00fd, v\u00fdsledkom je dokonca o 37,4% NI\u017d\u0160IA CENA, preto\u017ee PONUKA nemus\u00ed plati\u0165 cenu bankov\u00e9ho kapit\u00e1lu! Pre\u010do?<br>S\u00fa 3 d\u00f4vody: 1. Neexistuje jedin\u00e1 banka, ktor\u00e1 by mohla poskytn\u00fa\u0165 \u00faver na projekt tak\u00e9hoto mno\u017estva a rozsahu, tak\u017ee je potrebn\u00fdch viac b\u00e1nk!<br>2. Bankov\u00e9 z\u00e1ruky s\u00fa tak\u00e9 ve\u013ek\u00e9, \u017ee s\u00fa \u00faplne nerentabiln\u00e9 (star\u00fd otrepan\u00fd pr\u00edbeh o hypot\u00e9ke s pomerom 5:1);<br>3. \u00daroky a z\u00e1soby prakticky po\u017eieraj\u00fa zisky<\/h5><h5 class=\"translation-block\">Kto teda financuje realiz\u00e1ciu projektu MISTER DZIRLO PROMO ELECTRIC CAR?<br><br>No, z\u00e1kazn\u00edk je ve\u013emi spokojn\u00fd. Pre\u010do?<br><br>No, proces je nanajv\u00fd\u0161 transparentn\u00fd, preto\u017ee uplatnen\u00edm podnikate\u013eskej filozofie MISTRA DZIRLU to PONUKA umo\u017e\u0148uje!<br>Ni\u010d nie je skryt\u00e9, v\u0161etko je k dispoz\u00edcii z\u00e1kazn\u00edkom a z\u00e1ujemcom (\u017eiadate\u013eom )!<\/h5><h5>Od stanoven\u00fdch projektov\u00fdch \u00faloh sa odv\u00edjaj\u00fa pravidl\u00e1 pre komunik\u00e1ciu PONUKY a Vami ako potenci\u00e1lnym z\u00e1kazn\u00edkom.<\/h5><h5 class=\"translation-block\">Obchodn\u00e1 filozofia MISTER DZIRLA je teda ve\u013emi jednoduch\u00e1: je lep\u0161ie pon\u00faka\u0165 najni\u017e\u0161ie ceny produktov a slu\u017eieb a neust\u00e1ly a nezastavite\u013en\u00fd rast podielu na trhu (rast predaja), ako dr\u017ea\u0165 produkty na sklade. Z tohto d\u00f4vodu s\u00fa ELEKTRICK\u00c9 VOZIDL\u00c1 MISTER DZIRLO PROMO vyr\u00e1ban\u00e9 iba pre <b>ZN\u00c1MEHO KUPUJ\u00daCEHO (pred\u00e1van\u00e9 vopred)!<\/b><\/h5><h5 class=\"translation-block\">Preto m\u00f4\u017eeme s ve\u013ekou rados\u0165ou poveda\u0165: AK N\u00c1JDETE ELEKTRICK\u00c9 VOZIDLO S PODOBN\u00ddM V\u00ddKONOM, ALE ZA NI\u017d\u0160\u00da CENU V CELOM SVETE - ROZDIEL V CENE VR\u00c1MEME! Zatia\u013e nikto nereagoval - st\u00e1le \u010dak\u00e1me!<br>Tak\u017ee vzorec je:<br>1) VE\u013dK\u00c1 S\u00c9RIA;<br>2) ZRU\u0160ENIE BANKOV\u00c9HO KAPIT\u00c1LU;<br>3) ZRU\u0160ENIE AKCI\u00cd<\/h5><h5 style=\"text-align: center;\" class=\"translation-block\"><u><b>N\u00c1SLEDOK?<\/b><\/u><u><b><br><\/b><\/u><u><b>NAJNI\u017d\u0160IA CENA = NAJVY\u0160\u0160\u00cd DOPYT<\/b><\/u><\/h5><h5 class=\"translation-block\">D\u00f4kaz: prv\u00fd kontingent 4 000 vozidiel je takmer naplnen\u00fd \u017eiados\u0165ami.<br><b>( Pozn\u00e1mka: pre druh\u00fd kontingent ozn\u00e1mime za\u010diatok prij\u00edmania \u017eiadost\u00ed s definovan\u00fdmi podmienkami)!<\/b><\/h5><h5 class=\"translation-block\">Pos\u00fa\u010fte sami, \u010di je t\u00e1to podnikate\u013esk\u00e1 filozofia chytr\u00e1! <br>Toto je obchodn\u00e1 filozofia MISTER DZIRLO: MISTER DZIRLO je v\u017edy na misii OCHRANA Z\u00c1UJMOV Z\u00c1KAZN\u00cdKOV! Z\u00e1kazn\u00edk po\u010das k\u00fapy svojho ELEKTRICK\u00c9HO VOZIDLA MISTER DZIRLO str\u00e1ca bankov\u00fd \u00farok! PRI K\u00daPE ELEKTRICK\u00c9HO VOZIDLA - U\u0160ETR\u00cdTE!!!<br>T\u00e1 skupina z\u00e1ujemcov, ktor\u00ed z kateg\u00f3rie Z\u00c1KAZN\u00cdCI (ZAUJEMCI) z\u00edskali status kupuj\u00faceho (uhradili alebo za\u010dali spl\u00e1ca\u0165 spl\u00e1tky SAMO\u00daVERU, ni\u010d nestr\u00e1caj\u00fa po\u010das obdobia, po\u010das ktor\u00e9ho \u010dakaj\u00fa na doru\u010denie svojho platen\u00e9ho modelu!<\/h5><h5>pre\u010do? Peniaze, ktor\u00e9 zaplatili za vozidlo, maj\u00fa rovnak\u00fd status ako sporenie a PONUKA im za ten \u010das vypo\u010d\u00edta bankov\u00fd \u00farok, ktor\u00fd im vyplat\u00ed cez zn\u00ed\u017een\u00e9 fakt\u00fary vozidla pri jeho dodan\u00ed!<\/h5><h5 class=\"translation-block\">Toto privil\u00e9gium z\u00e1kazn\u00edka je pr\u00edtomn\u00e9 po prv\u00fdkr\u00e1t na svete! Mister Dzirlo pos\u00fava hranice podnikania, preto\u017ee t\u00fdmto sa z\u00e1kazn\u00edk men\u00ed na obchodn\u00e9ho partnera! Ide teda o \u00faplne nov\u00fd revolu\u010dn\u00fd vz\u0165ah KUPUJ\u00daCI \u2013 PRED\u00c1VAJ\u00daCI. \u010co povedal b\u00e1snik: ...pokia\u013e si pam\u00e4t\u00e1m z minul\u00fdch dn\u00ed, jeden kvet rastie v hore. Tej kvetine sa v\u0161ade dar\u00ed a vol\u00e1 sa.... REVERZ\u00c1CIA! Pre\u010do ten obrat? Je lep\u0161ie investova\u0165 do z\u00e1kazn\u00edka, preto\u017ee ten prin\u00e1\u0161a troch nov\u00fdch z\u00e1kazn\u00edkov! Je to v poriadku!?<br>Pozn\u00e1mka: cit\u00e1ty b\u00e1snikov s\u00fa u\u0161\u013eachtil\u00e1 SUCH\u00c1 PONUKA! Koniec koncov, TESLA by nebola TESLA, keby nebolo GETEO!<br>To plat\u00ed aj pre t\u00fdch z\u00e1kazn\u00edkov, ktor\u00ed sa rozhodli pre samofinancovanie!<br>Tak\u017ee k\u00fdm plat\u00edte spl\u00e1tky, VY \u0160ETR\u00cdTE!<\/h5><h5 class=\"translation-block\">Podnikate\u013eskou filozofiou MISTER DZIRLA nie je fascinova\u0165 z\u00e1kazn\u00edkov ve\u013ekolep\u00fdmi budovami, mramorov\u00fdmi st\u013apmi, pozl\u00e1ten\u00fdmi pultmi... Ide o vonkaj\u0161\u00ed lesk, ale to neznamen\u00e1, \u017ee pre tak\u00fdch neplat\u00ed pravidlo: MIMO JADAC, A VN\u00daTRI HLADKO! Ve\u013ea tak\u00fdch firiem sme priv\u00edtali a e\u0161te r\u00fdchlej\u0161ie sme ich vypili!<br>Sme t\u00ed, ktor\u00ed svojou podnikate\u013eskou ideol\u00f3giou z\u00edskaj\u00fa ka\u017ed\u00e9ho norm\u00e1lneho \u010dloveka ako podporu a spojenca pri realiz\u00e1cii projektu! Pre\u010do!?<br>Dni zap\u00f4sobenia na z\u00e1kazn\u00edka vizu\u00e1lnymi efektmi s\u00fa pre\u010d, teraz je \u010das \u00faspe\u0161n\u00fdch obchodn\u00fdch ideol\u00f3gi\u00ed! Teleportovan\u00e9 inform\u00e1cie v\u010faka internetu v\u0161etko menia \u2013 nastoluj\u00fa sa nov\u00e9 pravidl\u00e1, preto\u017ee z\u00e1rove\u0148 KA\u017dD\u00dd VIE V\u0160ETKO!<\/h5><h5 class=\"translation-block\">No a tu sme \u010d\u00edslo 1 na svete! Preto neust\u00e1le rastie na\u0161a planet\u00e1rna rodina MISTER DZIRLO (najr\u00fdchlej\u0161ie rast\u00faca rodina na svete)!<br><br>NIE SME SKUPINA - SME RODINA - N\u00e1\u0161 z\u00e1kazn\u00edk nie je \u010dlovek, ktor\u00fd d\u00e1va peniaze k\u00fapi\u0165 nie\u010do z ponuky, je to \u010dlovek, ktor\u00fd je na\u0161\u00edm st\u00e1lym obchodn\u00fdm partnerom a \u010dlenom na\u0161ej rodiny, preto\u017ee zdie\u013ea rovnak\u00fa podnikate\u013esk\u00fa ideol\u00f3giu!<\/h5><p>\u00a0<\/p><h4 style=\"text-align: center;\"><span style=\"text-decoration: underline;\"><b><i>POSTUP N\u00c1KUPU ELEKTRICK\u00c9 VOZIDLO MISTER DZIRLO PROMO<\/i><\/b><\/span><\/h4><h5 class=\"translation-block\"><br>V\u0161etci zainteresovan\u00ed pr\u00edjemcovia inform\u00e1ci\u00ed o promo elektromobilu Mister Dzirlo s\u00fa rozdelen\u00ed do dvoch skup\u00edn:<br><br>A) UCH\u00c1DZA\u010cI (M\u00c1 Z\u00c1UJEM); spl\u00e1tky, ak sa prip\u00ed\u0161u sami).<br><br>\u017dIADATE\u013dMI s\u00fa v\u0161etk\u00fdm, ktor\u00ed si vy\u017eiadali a dostali PONUKU, pre\u0161tudovali si ju, vybrali produkt a podp\u00edsali zmluvu o dodan\u00ed, prihl\u00e1\u0161ka je akceptovan\u00e1, teda ak je n\u00edm vybran\u00fd model zaraden\u00fd do v\u00fdrobn\u00e9ho procesu, je zabezpe\u010den\u00e1 doprava v kontingente a term\u00edn dodania je ur\u010den\u00e1, potom PONUKA ude\u013euje Z\u00c1KAZN\u00cdKOVI s\u00fahlas na uskuto\u010dnenie platby. Autoriz\u00e1cia platby je platn\u00e1 3 dni od d\u00e1tumu schv\u00e1lenia. Ak tento term\u00edn zme\u0161k\u00e1, UHLASOVATE\u013d post\u00fapi pr\u00e1vo na platbu \u010fal\u0161iemu Z\u00c1KAZN\u00cdKOVI.<br><br>Dodr\u017ean\u00edm tohto postupu sa pred\u00edde ak\u00fdmko\u013evek nedorozumeniam. Je pravda, \u017ee postupy s\u00fa na prv\u00fd poh\u013ead trochu komplikovan\u00e9, ale ako povedal p\u00e1n Dzirlo... biznis sa dar\u00ed, ke\u010f je na za\u010diatku ve\u013ea probl\u00e9mov, preto\u017ee to je z\u00e1ruka, \u017ee na konci nebude \u017eiadny, ani ten druh\u00fd cesta okolo!<\/h5><h4 style=\"text-align: center;\"><b><i>UPLAT\u0147OVANIE PR\u00c1VA NA DOT\u00c1CIE<\/i><\/b><\/h4><h5>MEDZIN\u00c1RODN\u00c1 HOLDINGOV\u00c1 SPOLO\u010cNOS\u0164 MISTER DZIRLO POSTUPUJE PR\u00c1VO NA DOT\u00c1CIE V PROSPECH KUPUJ\u00daCEHO.<\/h5><h5>Pr\u00e1va na dot\u00e1cie vykon\u00e1vaj\u00fa v\u0161etky pr\u00e1vnick\u00e9 a fyzick\u00e9 osoby v E\u00da. Ak ste teda kupuj\u00facim z \u010dlenskej krajiny E\u00da, m\u00e1te n\u00e1rok na dot\u00e1ciu vo v\u00fd\u0161ke 100% hodnoty dot\u00e1cie, preto\u017ee PONUKA PRIDE\u013dUJE TIETO PR\u00c1VA KUPUJ\u00daCEMU.<br \/><br \/>V BaH s\u00fa veci inak:<br \/><br \/>Ak ste registrovan\u00fd v subjekte RS, neuplat\u0148ujete svoje pr\u00e1va, preto\u017ee vl\u00e1da subjektu ich neude\u013euje.<br \/>Ak ste registrovan\u00fd vo Feder\u00e1cii, m\u00e1te n\u00e1rok na dot\u00e1ciu, ak ste fyzick\u00e1 osoba a to v 100% v\u00fd\u0161ke, preto\u017ee PONUKA POSKYTUJE TIETO PR\u00c1VA KUPUJ\u00daCEMU.<\/h5><h4 style=\"text-align: center;\"><b><i>DOD\u00c1VKA ELEKTRICK\u00ddCH VOZIDIEL POD\u013dA \u017dELAN\u00cd KUPUJ\u00daCEHO<\/i><\/b><\/h4><h5><br \/>Mnoho Z\u00c1UJEMCOV chce elektrick\u00e9 vozidlo pod\u013ea vlastn\u00e9ho v\u00fdberu! Chc\u00fa vozidlo s v\u00e4\u010d\u0161\u00edm dojazdom, vy\u0161\u0161ou r\u00fdchlos\u0165ou a pod. Ve\u013ea z\u00e1ujemcov n\u00e1m posiela foto alebo video! Ka\u017ed\u00e9 vozidlo sme schopn\u00ed doda\u0165 za najv\u00fdhodnej\u0161\u00edch podmienok na svete!<br \/>AK Z\u00cdSKATE V\u00ddHODNEJ\u0160\u00da PONUKU AKO NA\u0160U, S NI\u017d\u0160OU CENOU, ZA TO ROVNAK\u00c9 VOZIDLO VR\u00c1MEME ROZDIEL V CENE!!!!<\/h5><h4 style=\"text-align: center;\"><b><i>\u010cO JE ZAHRNUT\u00c9 V PREDAJNEJ CENE VOZIDLA<\/i><\/b><\/h4><h5 class=\"translation-block\"><br>M\u00e1me ve\u013ea ot\u00e1zok o tom, \u010do je zahrnut\u00e9 v cene vozidla? Predajn\u00e1 cena vozidla zah\u0155\u0148a:<br><br>1) V\u00fdrobn\u00fa cenu vozidla;<br>2) N\u00e1klady na dopravu;<br>3) Coln\u00e9 n\u00e1klady, ak existuj\u00fa;<br>4) DPH, DPH, DDH, AFA.... (ide o dane z pridanej hodnoty, percent\u00e1 a n\u00e1zvy sa v jednotliv\u00fdch krajin\u00e1ch l\u00ed\u0161ia);<br>5) N\u00e1klady na homologiz\u00e1ciu;<br>6) N\u00e1klady na zasielate\u013esk\u00e9 slu\u017eby:<br>7) N\u00e1klady na prv\u00fa slu\u017ebu.<\/h5><h4 style=\"text-align: center;\"><b><i>Z\u00c1RUKY<\/i><\/b><\/h4><h5><br \/>Z\u00e1ruka na ELEKTRICK\u00c9 VOZIDL\u00c1 MISTER DZIRLO PROMO je 3 roky a 100 000 funk\u010dn\u00fdch kilometrov!<\/h5><h4 style=\"text-align: center;\"><br \/><b><i>SLU\u017dBY<\/i><\/b><\/h4><h5 class=\"translation-block\"><br>Ka\u017ed\u00fd z\u00e1kazn\u00edk n\u00e1\u0161ho vozidla sa pri prevzat\u00ed vozidla st\u00e1va vlastn\u00edkom bro\u017e\u00farky, v ktorej s\u00fa uveden\u00e9 v\u0161etky autorizovan\u00e9 servisy a zoznam lokal\u00edt \u010derpac\u00edch stan\u00edc!<br><br><span><em> <b>Pozn\u00e1mka<\/b>:<\/em><\/span> T\u00e1to ponuka plat\u00ed pre prv\u00fd kontingent. Ak ponuka nebude akceptovan\u00e1 do 10 dn\u00ed od prijatia, jej platnos\u0165 zanik\u00e1, preto\u017ee pr\u00edjemca ponuky sa k\u00fapy vzd\u00e1 a svoje miesto prenech\u00e1 \u010fal\u0161iemu Z\u00c1UJEMCU z poradovn\u00edka. Je to potrebn\u00e9, preto\u017ee syst\u00e9m predaja je zalo\u017een\u00fd na v\u00fdrobe vozidiel pre ZN\u00c1MEHO Z\u00c1KAZN\u00cdKA.<\/h5><h4 style=\"text-align: center;\"><b><i>\u0160PECI\u00c1LNE VOZIDL\u00c1<\/i><\/b><\/h4><h5 class=\"translation-block\"><br>Na VA\u0160U \u017eelanie dod\u00e1vame aj \u0161peci\u00e1lne elektrick\u00e9 vozidl\u00e1 pre invalidov, zdravotn\u00e9 stredisk\u00e1, po\u0161ty, z\u00e1sobovacie vozidl\u00e1 a pod.<br>Vozidl\u00e1 be\u017ene vykupujeme za najv\u00fdhodnej\u0161\u00edch podmienok, okrem n\u00e1\u0161ho star\u00e9ho pravidla: VY MAJTE LEP\u0160IU PONUKU (ktor\u00e1 nie je falo\u0161n\u00e1) ROZDIEL V CENE VR\u00c1MEME!<\/h5><h4 style=\"text-align: center;\"><br \/><br \/><b><i>SAMOP\u00d4\u017dI\u010cKA<\/i><\/b><\/h4><h5 class=\"translation-block\"><br>Ak si prajete pristavenie vozidla s platbou na spl\u00e1tky, m\u00e1me mo\u017enos\u0165 pon\u00faknu\u0165 V\u00e1m SAMO\u00daVER!<br>Princ\u00edp je jednoduch\u00fd:<br>1) V\u00fd\u0161ku a po\u010det spl\u00e1tok si ur\u010d\u00edte sami;<br>2) Po zaplaten\u00ed poslednej spl\u00e1tky pristav\u00edme po\u017eadovan\u00e9 vozidlo ;<br>3) Z ka\u017edej uhradenej spl\u00e1tky zaplat\u00edme bankov\u00fd \u00farok, ktor\u00e9ho hodnotu odpo\u010d\u00edtame od hodnoty fakt\u00fary.<br>V\u0161etk\u00fdm z\u00e1ujemcom o tento typ k\u00fapy vozidla im na po\u017eiadanie zasielame zmluvu o SAMO\u00daVERE.<br>(Tento predajn\u00fd syst\u00e9m je chr\u00e1nen\u00fd ako du\u0161evn\u00e9 vlastn\u00edctvo p\u00e1n DZIRLA a ak\u00e9ko\u013evek jeho kop\u00edrovanie vcelku alebo po \u010dastiach je trestn\u00e9.<\/h5><p>\u00a0<\/p><h4 style=\"text-align: center;\">Z\u00c1VER<\/h4><h5 style=\"text-align: left;\"><br \/><br \/>ITINER\u00c1R (POSTUPNOS\u0164 POHYBOV) PRE OBSTAR\u00c1VANIE<\/h5><h5 class=\"translation-block\">PROMO ELEKTRICK\u00c9 VOZIDLO MISTER DZIRLO:<br><br>1) ODOSLANIE \u017dIADOSTI O PRIJATIE PONUKY (\u017eiados\u0165 o ponuku ako aj kore\u0161pondenciu je mo\u017en\u00e9 uskuto\u010dni\u0165 len prostredn\u00edctvom e-mailovej adresy <strong><span style=\"text-decoration: underline\"><a href=\"mailto:infodzirlo@gmail.com\" target=\"_self\">infodzirlo@gmail.com<\/a><\/span><\/strong><br>2) PRE\u0160TUDUJTE PONUKU A OP\u00ddTAJTE sa PRE PR\u00cdPADN\u00c9 VYSVETLENIA NEJEDNOTLIVOST\u00cd<br> 3) UZAVRETE ZMLUVU<br>4) PO SCHV\u00c1LEN\u00cd PLATBY UHRAJTE PLATBU<br>5) DODR\u017dUJTE F\u00c1ZY V\u00ddROBY A DODANIA V\u00c1\u0160HO VOZIDLA<br>6) DODR\u017dUJTE ROZHODNUTIE PONUKA<br>7) VOZIDLO SI VYZDVIHNITE NA DOHODNUTOM CIELI<\/h5>\t\t\t\t\t\t\t\t<\/div>\n\t\t\t\t<\/div>\n\t\t\t\t\t<\/div>\n\t\t<\/div>\n\t\t\t\t\t<\/div>\n\t\t<\/section>\n\t\t\t\t<\/div>","protected":false},"excerpt":{"rendered":"<p>PONUDA O POSLOVNOJ SURADNJI &#8211; DA BI SE BOLJE RAZUMJELI &#8211; Ovaj sistem prodaje je za\u0161ti\u0107en kao intelektualna svojina Mister DZIRLA i svako njegovo kopiranje u cjelini ili dijelovima je ka\u017enjivo ! Kada smo krenuli u realizaciju projekta MISTER D\u017dIRLO PROMO ELECTRIC CAR (u daljnjem tekstu PONU\u0110A\u010c) definirali smo projektne zadatke: 1) Definirani tr\u017ei\u0161ni prostor [&hellip;]<\/p>\n","protected":false},"author":1,"featured_media":0,"parent":0,"menu_order":0,"comment_status":"closed","ping_status":"closed","template":"template-homepage.php","meta":{"inline_featured_image":false,"_monsterinsights_skip_tracking":false,"_monsterinsights_sitenote_active":false,"_monsterinsights_sitenote_note":"","_monsterinsights_sitenote_category":0,"footnotes":""},"class_list":["post-17642","page","type-page","status-publish","hentry"],"aioseo_notices":[],"_links":{"self":[{"href":"https:\/\/misterdzirlo.info\/sk\/wp-json\/wp\/v2\/pages\/17642","targetHints":{"allow":["GET"]}}],"collection":[{"href":"https:\/\/misterdzirlo.info\/sk\/wp-json\/wp\/v2\/pages"}],"about":[{"href":"https:\/\/misterdzirlo.info\/sk\/wp-json\/wp\/v2\/types\/page"}],"author":[{"embeddable":true,"href":"https:\/\/misterdzirlo.info\/sk\/wp-json\/wp\/v2\/users\/1"}],"replies":[{"embeddable":true,"href":"https:\/\/misterdzirlo.info\/sk\/wp-json\/wp\/v2\/comments?post=17642"}],"version-history":[{"count":0,"href":"https:\/\/misterdzirlo.info\/sk\/wp-json\/wp\/v2\/pages\/17642\/revisions"}],"wp:attachment":[{"href":"https:\/\/misterdzirlo.info\/sk\/wp-json\/wp\/v2\/media?parent=17642"}],"curies":[{"name":"wp","href":"https:\/\/api.w.org\/{rel}","templated":true}]}}